{"id":720,"date":"2024-02-04T18:19:22","date_gmt":"2024-02-04T18:19:22","guid":{"rendered":"https:\/\/fmthaishop.com\/?page_id=720"},"modified":"2024-02-04T18:47:22","modified_gmt":"2024-02-04T18:47:22","slug":"mentions-legales","status":"publish","type":"page","link":"https:\/\/fmthaishop.com\/?page_id=720","title":{"rendered":"Mentions l\u00e9gales"},"content":{"rendered":"\n<p><strong>Edition du site internet<\/strong><\/p>\n\n\n\n<p>Le site Fmthaishop accessible \u00e0 l&#8217;adresse www.fmthaishop.com est \u00e9dit\u00e9 par Saifon Bideau dont le domicile est situ\u00e9 24 rue Paul Bourget 75013 Paris(tel.: 0695643817 &#8211; mail: fmthaishop@gmail.com) <\/p>\n\n\n\n<p>SIRET: 9826337110001<\/p>\n\n\n\n<p><strong>R\u00e9daction du site internet<\/strong><\/p>\n\n\n\n<p>Directeur de la publication: Mathias BIDEAU<\/p>\n\n\n\n<p>fmthaishop@fmthaishop.com<\/p>\n\n\n\n<p><strong>H\u00e9bergeur du site internet<\/strong><\/p>\n\n\n\n<p>Ce site est h\u00e9berg\u00e9 par Hostinger(www.hostinger.com) &#8211; dont le si\u00e8ge social est bas\u00e9 \u00e0 Kaunas en Lituanie.<\/p>\n\n\n\n<p><strong>Respect de la propri\u00e9t\u00e9 intellectuelle <\/strong><\/p>\n\n\n\n<p>Toutes les marques, photographies, textes, commentaires, illustrations, images anim\u00e9es ou non, s\u00e9quences video, son, ainsi que toutes les  applications informatiques qui pourraient \u00eatre utilis\u00e9es pour faire fonctionner le Site et plus plus particuli\u00e8rement tous les \u00e9l\u00e9ments reproduits ou utilis\u00e9s sur le Site sont prot\u00e9g\u00e9s par les lois en vigueur au titre de la propri\u00e9t\u00e9 intellectuelle.<\/p>\n\n\n\n<p>Ils sont la propri\u00e9t\u00e9 pleine et enti\u00e8re de l&#8217;Editeur ou de ses partenaires, sauf mentions particuli\u00e8res. Toute reproduction, repr\u00e9sentation, utilisation ou adaptation, sous quelque forme que ce soit, de tout ou d&#8217;une partie de ces \u00e9l\u00e9ments, y compris les applications informatiques, sans l&#8217;accord pr\u00e9alable et \u00e9crit de l&#8217;Editeur, sont strictement interdites. Le fait pour l&#8217;Ediiteur de ne pas engager de proc\u00e9dure d\u00e8s la prise de connaissance de ces utilisations non autoris\u00e9es ne vaut pas acceptation desdites utilisations et renonciations aux poursuites.<\/p>\n\n\n\n<p>Seule l&#8217;utilisation pour un usage priv\u00e9 dans un cercle de famille est autoris\u00e9e et toute autre utilisation et constitutive de contrefa\u00e7on et\/ou d&#8217;atteinte aux droits voisins, sanctionn\u00e9es par le code de la propriet\u00e9 intellectuelle.<\/p>\n\n\n\n<p>La reprise de tout ou partie de ce contenu n\u00e9cessite l&#8217;autorisation pr\u00e9alable de l&#8217;Editeur ou du titulaire des droits sur ce contenu.<\/p>\n\n\n\n<p class=\"has-large-font-size\"><strong>LEGAL NOTICE<\/strong><\/p>\n\n\n\n<p class=\"has-medium-font-size\"><strong>Edition of the website<\/strong><\/p>\n\n\n\n<p>The Fmthaishop site accessible at the address www.fmthaishop.com is published by Saifon Bideau whose address is located at 24 rue Paul Bourget 75013 Paris (tel.: +33695643817 &#8211; email: fmthaishop@gmail.com)<\/p>\n\n\n\n<p>SIRET: 9826337110001<\/p>\n\n\n\n<p class=\"has-medium-font-size\"><strong>Website writing<\/strong><\/p>\n\n\n\n<p>Publication director: Mathias BIDEAU<\/p>\n\n\n\n<p>fmthaishop@fmthaishop.com<\/p>\n\n\n\n<p class=\"has-medium-font-size\"><strong>Website host<\/strong><\/p>\n\n\n\n<p>This site is hosted by Hostinger (www.hostinger.com) &#8211; headquartered in Kaunas, Lithuania.<\/p>\n\n\n\n<p class=\"has-medium-font-size\"><strong>Respect for intellectual property<\/strong><\/p>\n\n\n\n<p>All brands, photographs, texts, comments, illustrations, animated or non-animated images, video sequences, sound, as well as all computer applications which could be used to operate the Site and more particularly all elements reproduced or used on the Site are protected by the laws in force regarding intellectual property.<\/p>\n\n\n\n<p>They are the full and complete property of the Publisher or its partners, unless otherwise noted. Any reproduction, representation, use or adaptation, in any form whatsoever, of all or part of these elements, including computer applications, without the prior written consent of the Publisher, is strictly prohibited. The fact that the Publisher does not initiate proceedings upon becoming aware of these unauthorized uses does not constitute acceptance of said uses and waiver of prosecution.<\/p>\n\n\n\n<p>Only use for private use within a family circle is authorized and any other use constituting counterfeiting and\/or infringement of related rights, punishable by the intellectual property code.<\/p>\n\n\n\n<p>The resumption of all or part of this content requires the prior authorization of the Publisher or the holder of the rights to this content.<\/p>\n","protected":false},"excerpt":{"rendered":"<p>Edition du site internet Le site Fmthaishop accessible \u00e0 l&#8217;adresse www.fmthaishop.com est \u00e9dit\u00e9 par Saifon Bideau dont le domicile est situ\u00e9 24 rue Paul Bourget 75013 Paris(tel.: 0695643817 &#8211; mail: fmthaishop@gmail.com) SIRET: 9826337110001 R\u00e9daction du site internet Directeur de la publication: Mathias BIDEAU fmthaishop@fmthaishop.com H\u00e9bergeur du site internet Ce site est h\u00e9berg\u00e9 par Hostinger(www.hostinger.com) &#8211; [&hellip;]<\/p>\n","protected":false},"author":1,"featured_media":0,"parent":0,"menu_order":0,"comment_status":"closed","ping_status":"closed","template":"","meta":{"om_disable_all_campaigns":false,"_monsterinsights_skip_tracking":false,"_monsterinsights_sitenote_active":false,"_monsterinsights_sitenote_note":"","_monsterinsights_sitenote_category":0,"_kadence_starter_templates_imported_post":false,"footnotes":""},"class_list":["post-720","page","type-page","status-publish","hentry"],"aioseo_notices":[],"_links":{"self":[{"href":"https:\/\/fmthaishop.com\/index.php?rest_route=\/wp\/v2\/pages\/720","targetHints":{"allow":["GET"]}}],"collection":[{"href":"https:\/\/fmthaishop.com\/index.php?rest_route=\/wp\/v2\/pages"}],"about":[{"href":"https:\/\/fmthaishop.com\/index.php?rest_route=\/wp\/v2\/types\/page"}],"author":[{"embeddable":true,"href":"https:\/\/fmthaishop.com\/index.php?rest_route=\/wp\/v2\/users\/1"}],"replies":[{"embeddable":true,"href":"https:\/\/fmthaishop.com\/index.php?rest_route=%2Fwp%2Fv2%2Fcomments&post=720"}],"version-history":[{"count":2,"href":"https:\/\/fmthaishop.com\/index.php?rest_route=\/wp\/v2\/pages\/720\/revisions"}],"predecessor-version":[{"id":732,"href":"https:\/\/fmthaishop.com\/index.php?rest_route=\/wp\/v2\/pages\/720\/revisions\/732"}],"wp:attachment":[{"href":"https:\/\/fmthaishop.com\/index.php?rest_route=%2Fwp%2Fv2%2Fmedia&parent=720"}],"curies":[{"name":"wp","href":"https:\/\/api.w.org\/{rel}","templated":true}]}}