{"id":18,"date":"2024-01-10T14:40:46","date_gmt":"2024-01-10T14:40:46","guid":{"rendered":"https:\/\/fmthaishop.com\/?post_type=product&#038;p=18"},"modified":"2025-07-24T21:40:41","modified_gmt":"2025-07-24T21:40:41","slug":"golden-cup-balm-%e0%b8%a2%e0%b8%b2%e0%b8%ab%e0%b8%a1%e0%b9%88%e0%b8%ad%e0%b8%87%e0%b8%95%e0%b8%a3%e0%b8%b2%e0%b8%96%e0%b9%89%e0%b8%a7%e0%b8%a2%e0%b8%97%e0%b8%ad%e0%b8%87","status":"publish","type":"product","link":"https:\/\/fmthaishop.com\/?product=golden-cup-balm-%e0%b8%a2%e0%b8%b2%e0%b8%ab%e0%b8%a1%e0%b9%88%e0%b8%ad%e0%b8%87%e0%b8%95%e0%b8%a3%e0%b8%b2%e0%b8%96%e0%b9%89%e0%b8%a7%e0%b8%a2%e0%b8%97%e0%b8%ad%e0%b8%87","title":{"rendered":"Baume Golden Cup &#8211; Golden Cup Balm -\u0e22\u0e32\u0e2b\u0e21\u0e48\u0e2d\u0e07\u0e15\u0e23\u0e32\u0e16\u0e49\u0e27\u0e22\u0e17\u0e2d\u0e07"},"content":{"rendered":"<p>Golden Cup Balm \u0e22\u0e32\u0e2b\u0e21\u0e48\u0e2d\u0e07\u0e15\u0e23\u0e32\u0e16\u0e49\u0e27\u0e22\u0e17\u0e2d\u0e07(50 g) est un baume tha\u00ef d\u00e9velopp\u00e9 \u00e0 partir d&#8217;ingr\u00e9dients naturels.<\/p>\n<p>Ce baume a autant d&#8217;avantages qu&#8217;il trouve sa place dans tous les foyers.<\/p>\n<p>Golden Cup soulage toutes sortes de douleurs: rhumes, maux de t\u00eate, nez qui coule, maux de gorge, de la toux, des bronches, piq\u00fbres d&#8217;insectes, des douleurs musculaires, probl\u00e8mes articulaires, les rhumatismes, la sciatique.<\/p>\n<p>Composition: salicylate de m\u00e9thyle 15%, camphre 15%, menthol 12%, huile de menthe poivr\u00e9e 6.3%, huile d&#8217;eucalyptus 1.2%, huile de cannelle 0.5%, huile de girofle 5%<\/p>\n<p>Golden Cup Balm is a thai balm developed from natural ingredients. This balm has so many advantages that it finds its place in every home. Version 50g Golden Cup Balm relieves all kinds of pain: Colds, headache, runny nose, sore throat, cough, bronchial, insect bite, muscle pain, joint problem, rheumatism, sciatica lumbag. Composition: Methyl salicylate 15.0%, Camphor 15.0%, Menthol 12.0%, Peppermint oil 6.3%, Eucalyptus oil 1.2%, Cinnamon oil 0.5%, Clove oil 5.0%.<\/p>\n<p id=\"h.vt1si9avyxrx\" class=\"zfr3Q CDt4Ke \" dir=\"ltr\"><span class=\"jgG6ef C9DxTc \">\u0e04\u0e31\u0e14\u0e2a\u0e23\u0e23\u0e08\u0e32\u0e01\u0e2a\u0e21\u0e38\u0e19\u0e44\u0e1e\u0e23\u0e18\u0e23\u0e23\u0e21\u0e0a\u0e32\u0e15\u0e34<\/span><\/p>\n<p class=\"zfr3Q CDt4Ke \" dir=\"ltr\"><span class=\"C9DxTc \">\u0e22\u0e32\u0e17\u0e35\u0e48\u0e21\u0e35\u0e01\u0e25\u0e34\u0e48\u0e19\u0e2b\u0e2d\u0e21\u0e08\u0e32\u0e01\u0e2a\u0e21\u0e38\u0e19\u0e44\u0e1e\u0e23 \u0e43\u0e2b\u0e49\u0e04\u0e27\u0e32\u0e21\u0e23\u0e39\u0e49\u0e2a\u0e36\u0e01\u0e1c\u0e48\u0e2d\u0e19\u0e04\u0e25\u0e32\u0e22 \u0e2d\u0e2d\u0e01\u0e24\u0e17\u0e18\u0e34\u0e4c\u0e2b\u0e25\u0e31\u0e01\u0e17\u0e33\u0e43\u0e2b\u0e49\u0e1a\u0e23\u0e34\u0e40\u0e27\u0e13\u0e17\u0e35\u0e48\u0e17\u0e32\u0e2d\u0e38\u0e48\u0e19\u0e02\u0e36\u0e49\u0e19 \u0e2a\u0e23\u0e49\u0e32\u0e07\u0e1b\u0e0f\u0e34\u0e01\u0e34\u0e23\u0e34\u0e22\u0e32\u0e17\u0e33\u0e43\u0e2b\u0e49\u0e40\u0e25\u0e37\u0e2d\u0e14\u0e2b\u0e21\u0e38\u0e19\u0e40\u0e27\u0e35\u0e22\u0e19\u0e14\u0e35\u0e02\u0e36\u0e49\u0e19\u0e0b\u0e36\u0e48\u0e07\u0e0a\u0e48\u0e27\u0e22\u0e23\u0e48\u0e32\u0e07\u0e01\u0e32\u0e22\u0e43\u0e19\u0e01\u0e32\u0e23\u0e1a\u0e23\u0e23\u0e40\u0e17\u0e32\u0e2d\u0e32\u0e01\u0e32\u0e23\u0e40\u0e08\u0e47\u0e1a\u0e1b\u0e27\u0e14\u0e15\u0e48\u0e32\u0e07\u0e46 \u0e17\u0e31\u0e49\u0e07\u0e22\u0e31\u0e07\u0e43\u0e2b\u0e49\u0e04\u0e27\u0e32\u0e21\u0e23\u0e39\u0e49\u0e2a\u0e36\u0e01\u0e2d\u0e48\u0e2d\u0e19\u0e42\u0e22\u0e19\u0e41\u0e25\u0e30\u0e44\u0e21\u0e48\u0e17\u0e34\u0e49\u0e07\u0e04\u0e27\u0e32\u0e21\u0e23\u0e39\u0e49\u0e2a\u0e36\u0e01\u0e40\u0e2b\u0e19\u0e35\u0e22\u0e27\u0e17\u0e35\u0e48\u0e1c\u0e34\u0e27\u0e2a\u0e31\u0e21\u0e1c\u0e31\u0e2a\u00a0<\/span><\/p>\n<p class=\"zfr3Q CDt4Ke \" dir=\"ltr\"><span class=\"C9DxTc \">\u0e2a\u0e23\u0e23\u0e1e\u0e04\u0e38\u0e13<\/span><span class=\"C9DxTc \">\u00a0:<\/span><span class=\"C9DxTc \">\u00a0\u0e43\u0e0a\u0e49\u0e17\u0e32<\/span><span class=\"C9DxTc \">\u0e1a\u0e23\u0e23\u0e40\u0e17\u0e32\u0e2d\u0e32\u0e01\u0e32\u0e23\u0e27\u0e34\u0e07\u0e40\u0e27\u0e35\u0e22\u0e19\u0e28\u0e35\u0e23\u0e29\u0e30 \u0e40\u0e1b\u0e47\u0e19\u0e2b\u0e27\u0e31\u0e14\u0e04\u0e31\u0e14\u0e08\u0e21\u0e39\u0e01 \u0e43\u0e0a\u0e49\u0e16\u0e39\u0e19\u0e27\u0e14\u0e1a\u0e23\u0e23\u0e40\u0e17\u0e32\u0e2d\u0e32\u0e01\u0e32\u0e23\u0e40\u0e04\u0e25\u0e47\u0e14 \u0e02\u0e31\u0e14\u0e22\u0e2d\u0e01 \u0e1f\u0e01\u0e0a\u0e49\u0e33 \u0e1b\u0e27\u0e14\u0e40\u0e21\u0e37\u0e48\u0e2d\u0e22\u0e01\u0e25\u0e49\u0e32\u0e21\u0e40\u0e19\u0e37\u0e49\u0e2d \u0e1b\u0e27\u0e14\u0e15\u0e32\u0e21\u0e02\u0e49\u0e2d \u0e2d\u0e32\u0e01\u0e32\u0e23\u0e40\u0e19\u0e37\u0e48\u0e2d\u0e07\u0e08\u0e32\u0e01\u0e41\u0e21\u0e25\u0e07\u0e01\u0e31\u0e14\u0e15\u0e48\u0e2d\u0e22<\/span><\/p>\n<p class=\"zfr3Q CDt4Ke \" dir=\"ltr\"><span class=\"C9DxTc \">\u0e27\u0e34\u0e18\u0e35\u0e43\u0e0a\u0e49<\/span><span class=\"C9DxTc \">\u00a0<\/span><span class=\"C9DxTc \">:\u00a0<\/span><span class=\"C9DxTc \">\u0e43\u0e0a\u0e49\u0e17\u0e32 \u0e16\u0e39 \u0e19\u0e27\u0e14 \u0e1a\u0e23\u0e34\u0e40\u0e27\u0e13\u0e17\u0e35\u0e48\u0e21\u0e35\u0e2d\u0e32\u0e01\u0e32\u0e23<\/span><\/p>\n<p class=\"zfr3Q CDt4Ke \" dir=\"ltr\"><span class=\"C9DxTc \">\u0e15\u0e31\u0e27\u0e22\u0e32\u0e2a\u0e33\u0e04\u0e31\u0e0d<\/span><span class=\"C9DxTc \">\u00a0: \u0e19\u0e49\u0e33\u0e21\u0e31\u0e19\u0e23\u0e30\u0e01\u0e33,\u0e01\u0e32\u0e23\u0e1a\u0e39\u0e23,\u0e40\u0e01\u0e25\u0e47\u0e14\u0e2a\u0e30\u0e23\u0e30\u0e41\u0e2b\u0e19\u0e48,\u0e19\u0e49\u0e33\u0e21\u0e31\u0e19\u0e2a\u0e30\u0e23\u0e30\u0e41\u0e2b\u0e19\u0e48,\u0e19\u0e49\u0e33\u0e21\u0e31\u0e19\u0e22\u0e39\u0e04\u0e32\u0e25\u0e34\u0e1b\u0e15\u0e31\u0e2a,\u0e19\u0e49\u0e33\u0e21\u0e31\u0e19\u0e40\u0e02\u0e35\u0e22\u0e27,\u0e19\u0e49\u0e33\u0e21\u0e31\u0e19\u0e01\u0e32\u0e19\u0e1e\u0e25\u0e39,\u0e19\u0e49\u0e33\u0e21\u0e31\u0e19\u0e2d\u0e1a\u0e40\u0e0a\u0e22<\/span><\/p>\n","protected":false},"excerpt":{"rendered":"<p>Beaume Golden Cup &#8211; Golden Cup Balm(50 g)<\/p>\n<p class=\"zfr3Q CDt4Ke \" dir=\"ltr\">\n","protected":false},"featured_media":19,"comment_status":"open","ping_status":"closed","template":"","meta":{"om_disable_all_campaigns":false,"_monsterinsights_skip_tracking":false,"_monsterinsights_sitenote_active":false,"_monsterinsights_sitenote_note":"","_monsterinsights_sitenote_category":0,"_kadence_starter_templates_imported_post":false},"product_brand":[],"product_cat":[43],"product_tag":[20,21,23,16,55,56,58,26,25,19,17,18,57,22,24,64,92,59,63,27],"class_list":{"0":"post-18","1":"product","2":"type-product","3":"status-publish","4":"has-post-thumbnail","6":"product_cat-sante-et-bien-etre","7":"product_tag-de-la-toux","8":"product_tag-des-bronches","9":"product_tag-des-douleurs-musculaires","10":"product_tag-douleurs-rhumes","11":"product_tag-fm-thai-shop","12":"product_tag-fmthaishop","13":"product_tag-france","14":"product_tag-la-sciatique","15":"product_tag-les-rhumatismes","16":"product_tag-maux-de-gorge","17":"product_tag-maux-de-tete","18":"product_tag-nez-qui-coule","19":"product_tag-paris","20":"product_tag-piqures-dinsectes","21":"product_tag-problemes-articulaires","22":"product_tag-produit-thai","23":"product_tag-produits-thailandais-en-ligne","24":"product_tag-thai-procucts-in-paris","25":"product_tag-thai-product","26":"product_tag-27","28":"first","29":"instock","30":"purchasable","31":"product-type-simple"},"aioseo_notices":[],"_links":{"self":[{"href":"https:\/\/fmthaishop.com\/index.php?rest_route=\/wp\/v2\/product\/18","targetHints":{"allow":["GET"]}}],"collection":[{"href":"https:\/\/fmthaishop.com\/index.php?rest_route=\/wp\/v2\/product"}],"about":[{"href":"https:\/\/fmthaishop.com\/index.php?rest_route=\/wp\/v2\/types\/product"}],"replies":[{"embeddable":true,"href":"https:\/\/fmthaishop.com\/index.php?rest_route=%2Fwp%2Fv2%2Fcomments&post=18"}],"wp:featuredmedia":[{"embeddable":true,"href":"https:\/\/fmthaishop.com\/index.php?rest_route=\/wp\/v2\/media\/19"}],"wp:attachment":[{"href":"https:\/\/fmthaishop.com\/index.php?rest_route=%2Fwp%2Fv2%2Fmedia&parent=18"}],"wp:term":[{"taxonomy":"product_brand","embeddable":true,"href":"https:\/\/fmthaishop.com\/index.php?rest_route=%2Fwp%2Fv2%2Fproduct_brand&post=18"},{"taxonomy":"product_cat","embeddable":true,"href":"https:\/\/fmthaishop.com\/index.php?rest_route=%2Fwp%2Fv2%2Fproduct_cat&post=18"},{"taxonomy":"product_tag","embeddable":true,"href":"https:\/\/fmthaishop.com\/index.php?rest_route=%2Fwp%2Fv2%2Fproduct_tag&post=18"}],"curies":[{"name":"wp","href":"https:\/\/api.w.org\/{rel}","templated":true}]}}