{"id":3857,"date":"2024-05-23T09:36:09","date_gmt":"2024-05-23T09:36:09","guid":{"rendered":"https:\/\/fmthaishop.com\/?post_type=product&#038;p=3857"},"modified":"2026-04-03T19:18:29","modified_gmt":"2026-04-03T19:18:29","slug":"golden-mountain-sauce-dassaisonnement-thai-200-ml-seasoning-sauce-%e0%b8%8b%e0%b8%ad%e0%b8%aa%e0%b8%a0%e0%b8%b9%e0%b9%80%e0%b8%82%e0%b8%b2%e0%b8%97%e0%b8%ad%e0%b8%87","status":"publish","type":"product","link":"https:\/\/fmthaishop.com\/?product=golden-mountain-sauce-dassaisonnement-thai-200-ml-seasoning-sauce-%e0%b8%8b%e0%b8%ad%e0%b8%aa%e0%b8%a0%e0%b8%b9%e0%b9%80%e0%b8%82%e0%b8%b2%e0%b8%97%e0%b8%ad%e0%b8%87","title":{"rendered":"Golden Mountain Sauce d&#8217;assaisonnement tha\u00ef 200 ml &#8211; seasoning sauce \u0e0b\u0e2d\u0e2a\u0e20\u0e39\u0e40\u0e02\u0e32\u0e17\u0e2d\u0e07"},"content":{"rendered":"<ul>\n<li><span class=\"a-list-item\">Golden Mountain Chapeau vert pour assaisonnement 200 ml<\/span><\/li>\n<li><span class=\"a-list-item\">La sauce \u00e0 assaisonnement Golden Mountain est souvent l&#8217;ingr\u00e9dient secret de nombreuses recettes tha\u00eflandaises.<\/span><\/li>\n<li><span class=\"a-list-item\">Bien que peu connu dans le monde occidental, il est utilis\u00e9 en Tha\u00eflande depuis plus d&#8217;un si\u00e8cle pour de nombreuses recettes, en particulier les plats saut\u00e9s.<\/span><\/li>\n<\/ul>\n","protected":false},"excerpt":{"rendered":"<p>Golden Mountain sauce d&#8217;assaisonnement 200 ml\u00a0 seasoning sauce \u0e0b\u0e2d\u0e2a\u0e20\u0e39\u0e40\u0e02\u0e32\u0e17\u0e2d\u0e07<\/p>\n","protected":false},"featured_media":3858,"comment_status":"closed","ping_status":"closed","template":"","meta":{"om_disable_all_campaigns":false,"_monsterinsights_skip_tracking":false,"_monsterinsights_sitenote_active":false,"_monsterinsights_sitenote_note":"","_monsterinsights_sitenote_category":0,"_kadence_starter_templates_imported_post":false},"product_brand":[],"product_cat":[305,45],"product_tag":[265,108,285,55,56,294,197],"class_list":{"0":"post-3857","1":"product","2":"type-product","3":"status-publish","4":"has-post-thumbnail","6":"product_cat-assaisonnements","7":"product_cat-epicerie-epicery","8":"product_tag-epicerie","9":"product_tag-epicerie-asiatique","10":"product_tag-epicerie-thai","11":"product_tag-fm-thai-shop","12":"product_tag-fmthaishop","13":"product_tag-golden-mountain-sauce-dassaisonnement-thai-200-ml","14":"product_tag-thaishopinparis","16":"first","17":"instock","18":"purchasable","19":"product-type-simple"},"aioseo_notices":[],"_links":{"self":[{"href":"https:\/\/fmthaishop.com\/index.php?rest_route=\/wp\/v2\/product\/3857","targetHints":{"allow":["GET"]}}],"collection":[{"href":"https:\/\/fmthaishop.com\/index.php?rest_route=\/wp\/v2\/product"}],"about":[{"href":"https:\/\/fmthaishop.com\/index.php?rest_route=\/wp\/v2\/types\/product"}],"replies":[{"embeddable":true,"href":"https:\/\/fmthaishop.com\/index.php?rest_route=%2Fwp%2Fv2%2Fcomments&post=3857"}],"wp:featuredmedia":[{"embeddable":true,"href":"https:\/\/fmthaishop.com\/index.php?rest_route=\/wp\/v2\/media\/3858"}],"wp:attachment":[{"href":"https:\/\/fmthaishop.com\/index.php?rest_route=%2Fwp%2Fv2%2Fmedia&parent=3857"}],"wp:term":[{"taxonomy":"product_brand","embeddable":true,"href":"https:\/\/fmthaishop.com\/index.php?rest_route=%2Fwp%2Fv2%2Fproduct_brand&post=3857"},{"taxonomy":"product_cat","embeddable":true,"href":"https:\/\/fmthaishop.com\/index.php?rest_route=%2Fwp%2Fv2%2Fproduct_cat&post=3857"},{"taxonomy":"product_tag","embeddable":true,"href":"https:\/\/fmthaishop.com\/index.php?rest_route=%2Fwp%2Fv2%2Fproduct_tag&post=3857"}],"curies":[{"name":"wp","href":"https:\/\/api.w.org\/{rel}","templated":true}]}}