{"id":4457,"date":"2024-06-13T08:12:02","date_gmt":"2024-06-13T08:12:02","guid":{"rendered":"https:\/\/fmthaishop.com\/?post_type=product&#038;p=4457"},"modified":"2026-05-04T15:14:07","modified_gmt":"2026-05-04T15:14:07","slug":"chatramue-melange-de-the-vert-200gr-green-tea-mix-7-06-oz-200g-bag","status":"publish","type":"product","link":"https:\/\/fmthaishop.com\/?product=chatramue-melange-de-the-vert-200gr-green-tea-mix-7-06-oz-200g-bag","title":{"rendered":"ChaTraMue m\u00e9lange de th\u00e9 vert 200gr &#8211; GREEN TEA MIX &#8211; 7.06 oz (200g) Bag"},"content":{"rendered":"<p>ChaTraMue m\u00e9lange de th\u00e9 vert 200gr &#8211; GREEN TEA MIX &#8211; 7.06 oz (200g) Bag<\/p>\n","protected":false},"excerpt":{"rendered":"<p>ChaTraMue m\u00e9lange de th\u00e9 vert 200gr &#8211; GREEN TEA MIX &#8211; 7.06 oz (200g) Bag<\/p>\n","protected":false},"featured_media":4460,"comment_status":"closed","ping_status":"closed","template":"","meta":{"om_disable_all_campaigns":false,"_monsterinsights_skip_tracking":false,"_monsterinsights_sitenote_active":false,"_monsterinsights_sitenote_note":"","_monsterinsights_sitenote_category":0,"_kadence_starter_templates_imported_post":false},"product_brand":[],"product_cat":[45,414,304],"product_tag":[299,285,55,56,300,68,64,106,92,271,109],"class_list":{"0":"post-4457","1":"product","2":"type-product","3":"status-publish","4":"has-post-thumbnail","6":"product_cat-epicerie-epicery","7":"product_cat-the-et-cafe","8":"product_cat-thes-thai","9":"product_tag-chatramue-melange-de-the-vert","10":"product_tag-epicerie-thai","11":"product_tag-fm-thai-shop","12":"product_tag-fmthaishop","13":"product_tag-green-tea-cha-tra-mue","14":"product_tag-paris-france","15":"product_tag-produit-thai","16":"product_tag-produits-thailandais","17":"product_tag-produits-thailandais-en-ligne","18":"product_tag-thai-food-in-paris","19":"product_tag-thaiproductsinparis","21":"first","22":"instock","23":"purchasable","24":"product-type-simple"},"aioseo_notices":[],"_links":{"self":[{"href":"https:\/\/fmthaishop.com\/index.php?rest_route=\/wp\/v2\/product\/4457","targetHints":{"allow":["GET"]}}],"collection":[{"href":"https:\/\/fmthaishop.com\/index.php?rest_route=\/wp\/v2\/product"}],"about":[{"href":"https:\/\/fmthaishop.com\/index.php?rest_route=\/wp\/v2\/types\/product"}],"replies":[{"embeddable":true,"href":"https:\/\/fmthaishop.com\/index.php?rest_route=%2Fwp%2Fv2%2Fcomments&post=4457"}],"wp:featuredmedia":[{"embeddable":true,"href":"https:\/\/fmthaishop.com\/index.php?rest_route=\/wp\/v2\/media\/4460"}],"wp:attachment":[{"href":"https:\/\/fmthaishop.com\/index.php?rest_route=%2Fwp%2Fv2%2Fmedia&parent=4457"}],"wp:term":[{"taxonomy":"product_brand","embeddable":true,"href":"https:\/\/fmthaishop.com\/index.php?rest_route=%2Fwp%2Fv2%2Fproduct_brand&post=4457"},{"taxonomy":"product_cat","embeddable":true,"href":"https:\/\/fmthaishop.com\/index.php?rest_route=%2Fwp%2Fv2%2Fproduct_cat&post=4457"},{"taxonomy":"product_tag","embeddable":true,"href":"https:\/\/fmthaishop.com\/index.php?rest_route=%2Fwp%2Fv2%2Fproduct_tag&post=4457"}],"curies":[{"name":"wp","href":"https:\/\/api.w.org\/{rel}","templated":true}]}}