{"id":473,"date":"2024-01-12T19:00:52","date_gmt":"2024-01-12T19:00:52","guid":{"rendered":"https:\/\/fmthaishop.com\/?post_type=product&#038;p=473"},"modified":"2025-06-29T19:09:55","modified_gmt":"2025-06-29T19:09:55","slug":"sarouel-motif-elephants-2","status":"publish","type":"product","link":"https:\/\/fmthaishop.com\/?product=sarouel-motif-elephants-2","title":{"rendered":"Sarouel motif \u00e9l\u00e9phants -Elephant Pants-\u0e01\u0e32\u0e07\u0e40\u0e01\u0e07\u0e25\u0e32\u0e22\u0e0a\u0e49\u0e32\u0e07"},"content":{"rendered":"<p>L&#8217;embl\u00e9matique sarouel motif \u00e9l\u00e9phants est le pantalon le plus confortable que vous n\u2019aurez jamais port\u00e9 ! L\u00e9ger et tr\u00e8s agr\u00e9able, ce sarouel convient parfaitement pour les hommes et pour les femmes, et pour diff\u00e9rentes utilisations:<\/p>\n<ul>\n<li>\u00a0le yoga<\/li>\n<li>\u00a0la danse<\/li>\n<li>\u00a0voyager<\/li>\n<li>\u00a0sortir<\/li>\n<li>\u00a0se relaxer<\/li>\n<\/ul>\n<p>Disponible en taille unique, il s&#8217;adapte \u00e0 toutes les morphologies, gr\u00e2ce \u00e0 sa mati\u00e8re \u00e9lastique (viscose), et est disponible en 3 couleurs diff\u00e9rentes.<\/p>\n<p>-Elephant Pants Thailand Unisex hippie hippy confortable harem yoga fun soft Rayon l\u00e9ger respirant gennie loose festival<\/p>\n<p>-\u0e01\u0e32\u0e07\u0e40\u0e01\u0e07\u0e25\u0e32\u0e22\u0e0a\u0e49\u0e32\u0e07 \u0e01\u0e32\u0e07\u0e40\u0e01\u0e07\u0e02\u0e32\u0e22\u0e32\u0e27\u0e1c\u0e49\u0e32\u0e2a\u0e1b\u0e31\u0e19 \u0e01\u0e32\u0e07\u0e40\u0e01\u0e07\u0e40\u0e01\u0e07\u0e0a\u0e49\u0e32\u0e07\u0e44\u0e17\u0e22\u0e43\u0e2a\u0e48\u0e2a\u0e1a\u0e32\u0e22\u0e43\u0e2a\u0e48\u0e2d\u0e22\u0e39\u0e48\u0e1a\u0e49\u0e32\u0e19\u0e01\u0e47\u0e44\u0e14\u0e49\u0e43\u0e2a\u0e48\u0e44\u0e1b\u0e40\u0e17\u0e35\u0e48\u0e22\u0e27\u0e01\u0e47\u0e14\u0e35<\/p>\n<p>Conseils d&#8217;entretien:<\/p>\n<ul>\n<li>lavage \u00e0 la main \u00e0 l&#8217;eau froide<\/li>\n<li>ne pas laisser trop longtemps dans l&#8217;eau<\/li>\n<li>ne pas utiliser d&#8217;eau de javel ou chlore.<\/li>\n<\/ul>\n","protected":false},"excerpt":{"rendered":"<p>L&#8217;embl\u00e9matique sarouel motif \u00e9l\u00e9phants est le pantalon le plus confortable que vous n\u2019aurez jamais port\u00e9 ! L\u00e9ger et tr\u00e8s agr\u00e9able, ce sarouel convient parfaitement pour les hommes et pour les femmes.<\/p>\n<p>Disponible en taille unique, il s&#8217;adapte \u00e0 toutes les morphologies, gr\u00e2ce \u00e0 sa mati\u00e8re \u00e9lastique (viscose), et est disponible en 3 couleurs diff\u00e9rentes.<\/p>\n","protected":false},"featured_media":468,"comment_status":"open","ping_status":"closed","template":"","meta":{"om_disable_all_campaigns":false,"_monsterinsights_skip_tracking":false,"_monsterinsights_sitenote_active":false,"_monsterinsights_sitenote_note":"","_monsterinsights_sitenote_category":0,"_kadence_starter_templates_imported_post":false},"product_brand":[],"product_cat":[44],"product_tag":[61,156,108,55,56,58,60,57,68,64,106,92,65,63,67,94,66,62,154,155],"class_list":{"0":"post-473","1":"product","2":"type-product","3":"status-publish","4":"has-post-thumbnail","6":"product_cat-vetements-clothes","7":"product_tag-elephant","8":"product_tag-elephant-pants","9":"product_tag-epicerie-asiatique","10":"product_tag-fm-thai-shop","11":"product_tag-fmthaishop","12":"product_tag-france","13":"product_tag-pantalon","14":"product_tag-paris","15":"product_tag-paris-france","16":"product_tag-produit-thai","17":"product_tag-produits-thailandais","18":"product_tag-produits-thailandais-en-ligne","19":"product_tag-sarouel","20":"product_tag-thai-product","21":"product_tag-thai-products-in-paris","22":"product_tag-thai-shop","23":"product_tag-thailand","24":"product_tag-thailande","25":"product_tag-thaishop","26":"product_tag-155","28":"first","29":"outofstock","30":"purchasable","31":"product-type-simple"},"aioseo_notices":[],"_links":{"self":[{"href":"https:\/\/fmthaishop.com\/index.php?rest_route=\/wp\/v2\/product\/473","targetHints":{"allow":["GET"]}}],"collection":[{"href":"https:\/\/fmthaishop.com\/index.php?rest_route=\/wp\/v2\/product"}],"about":[{"href":"https:\/\/fmthaishop.com\/index.php?rest_route=\/wp\/v2\/types\/product"}],"replies":[{"embeddable":true,"href":"https:\/\/fmthaishop.com\/index.php?rest_route=%2Fwp%2Fv2%2Fcomments&post=473"}],"wp:featuredmedia":[{"embeddable":true,"href":"https:\/\/fmthaishop.com\/index.php?rest_route=\/wp\/v2\/media\/468"}],"wp:attachment":[{"href":"https:\/\/fmthaishop.com\/index.php?rest_route=%2Fwp%2Fv2%2Fmedia&parent=473"}],"wp:term":[{"taxonomy":"product_brand","embeddable":true,"href":"https:\/\/fmthaishop.com\/index.php?rest_route=%2Fwp%2Fv2%2Fproduct_brand&post=473"},{"taxonomy":"product_cat","embeddable":true,"href":"https:\/\/fmthaishop.com\/index.php?rest_route=%2Fwp%2Fv2%2Fproduct_cat&post=473"},{"taxonomy":"product_tag","embeddable":true,"href":"https:\/\/fmthaishop.com\/index.php?rest_route=%2Fwp%2Fv2%2Fproduct_tag&post=473"}],"curies":[{"name":"wp","href":"https:\/\/api.w.org\/{rel}","templated":true}]}}