{"id":5773,"date":"2024-08-08T19:52:00","date_gmt":"2024-08-08T19:52:00","guid":{"rendered":"https:\/\/fmthaishop.com\/?post_type=product&#038;p=5773"},"modified":"2024-08-08T20:07:03","modified_gmt":"2024-08-08T20:07:03","slug":"pochette-zippee-pour-telephone-portable","status":"publish","type":"product","link":"https:\/\/fmthaishop.com\/?product=pochette-zippee-pour-telephone-portable","title":{"rendered":"Pochette zipp\u00e9e pour t\u00e9l\u00e9phone portable"},"content":{"rendered":"<p>Pochette zipp\u00e9e pour t\u00e9l\u00e9phone portable, motif \u00e9l\u00e9phants<\/p>\n<p>La pochette poss\u00e8de deux compartiments zipp\u00e9s: un principal pour ranger son t\u00e9l\u00e9phone portable, un plus petit pour ranger sa monnaie.<\/p>\n","protected":false},"excerpt":{"rendered":"<p>Pochette zipp\u00e9e pour t\u00e9l\u00e9phone portable, motif \u00e9l\u00e9phants La pochette poss\u00e8de deux compartiments zipp\u00e9s: un principal pour ranger son t\u00e9l\u00e9phone portable, un plus petit pour ranger sa monnaie.<\/p>\n","protected":false},"featured_media":5775,"comment_status":"closed","ping_status":"closed","template":"","meta":{"om_disable_all_campaigns":false,"_monsterinsights_skip_tracking":false,"_monsterinsights_sitenote_active":false,"_monsterinsights_sitenote_note":"","_monsterinsights_sitenote_category":0,"_kadence_starter_templates_imported_post":false},"product_brand":[],"product_cat":[307],"product_tag":[108,55,56,57,311,310,250,106,92,312,94],"class_list":{"0":"post-5773","1":"product","2":"type-product","3":"status-publish","4":"has-post-thumbnail","6":"product_cat-accessoires","7":"product_tag-epicerie-asiatique","8":"product_tag-fm-thai-shop","9":"product_tag-fmthaishop","10":"product_tag-paris","11":"product_tag-pochette-telephone","12":"product_tag-pochette-zippee","13":"product_tag-produits-thai","14":"product_tag-produits-thailandais","15":"product_tag-produits-thailandais-en-ligne","16":"product_tag-thai-products","17":"product_tag-thai-shop","19":"first","20":"instock","21":"purchasable","22":"product-type-variable"},"aioseo_notices":[],"_links":{"self":[{"href":"https:\/\/fmthaishop.com\/index.php?rest_route=\/wp\/v2\/product\/5773","targetHints":{"allow":["GET"]}}],"collection":[{"href":"https:\/\/fmthaishop.com\/index.php?rest_route=\/wp\/v2\/product"}],"about":[{"href":"https:\/\/fmthaishop.com\/index.php?rest_route=\/wp\/v2\/types\/product"}],"replies":[{"embeddable":true,"href":"https:\/\/fmthaishop.com\/index.php?rest_route=%2Fwp%2Fv2%2Fcomments&post=5773"}],"wp:featuredmedia":[{"embeddable":true,"href":"https:\/\/fmthaishop.com\/index.php?rest_route=\/wp\/v2\/media\/5775"}],"wp:attachment":[{"href":"https:\/\/fmthaishop.com\/index.php?rest_route=%2Fwp%2Fv2%2Fmedia&parent=5773"}],"wp:term":[{"taxonomy":"product_brand","embeddable":true,"href":"https:\/\/fmthaishop.com\/index.php?rest_route=%2Fwp%2Fv2%2Fproduct_brand&post=5773"},{"taxonomy":"product_cat","embeddable":true,"href":"https:\/\/fmthaishop.com\/index.php?rest_route=%2Fwp%2Fv2%2Fproduct_cat&post=5773"},{"taxonomy":"product_tag","embeddable":true,"href":"https:\/\/fmthaishop.com\/index.php?rest_route=%2Fwp%2Fv2%2Fproduct_tag&post=5773"}],"curies":[{"name":"wp","href":"https:\/\/api.w.org\/{rel}","templated":true}]}}