{"id":601,"date":"2024-01-24T21:40:45","date_gmt":"2024-01-24T21:40:45","guid":{"rendered":"https:\/\/fmthaishop.com\/?post_type=product&#038;p=601"},"modified":"2025-07-17T12:41:27","modified_gmt":"2025-07-17T12:41:27","slug":"lot-special-les-saveurs-de-la-thailande-flavors-of-thailand","status":"publish","type":"product","link":"https:\/\/fmthaishop.com\/?product=lot-special-les-saveurs-de-la-thailande-flavors-of-thailand","title":{"rendered":"Lot sp\u00e9cial &#8220;les saveurs de la Tha\u00eflande&#8221; (flavors of thailand)"},"content":{"rendered":"<p>Il s&#8217;agit d&#8217;un lot qui comprend les 4 curry les plus connus de la cuisine thailandaise:<\/p>\n<ul>\n<li>1 sachet de 50g de P\u00e2te Curry Panang &#8211; <em>Panang Curry Paste<\/em><\/li>\n<li>1 sachet de 50g de P\u00e2te de Curry Vert &#8211; <em>Green Curry Paste<\/em><\/li>\n<li>1 sachet de 50g de P\u00e2te de Curry Rouge &#8211; <em>Red Curry Paste<\/em><\/li>\n<li>1 sachet de 50g de P\u00e2te de Curry Massaman &#8211; <em>Massaman Curry Paste<\/em><\/li>\n<\/ul>\n<p>Le curry Panang est originaire de la r\u00e9gion centrale de la Tha\u00eflande. Ce qui conf\u00e8re au panang curry sa saveur unique est un m\u00e9lange puissant de piment rouge, de zeste de citron vert kaffir, de galanga, d\u2019\u00e9pices, d\u2019ail, de p\u00e2te de crevettes et d\u2019arachides grill\u00e9es.<\/p>\n<p>La p\u00e2te de curry vert Tha\u00eflandaise s&#8217;appele ainsi en raison de la couleur de la pr\u00e9paration, c&#8217;est un curry un peu plus doux que le curry rouge, on l&#8217;utilise pour de nombreuses pr\u00e9parations, surtout avec du poisson.<\/p>\n<p>La p\u00e2te de curry rouge Tha\u00eflandaise. Les p\u00e2tes de curry Tha\u00ef sont \u00e0 mon propre avis les meilleures au monde. La recette est relativement simple il suffit que faire revenir un morceau de viande (porc, poulet ou autre), crevettes voir du tofu pour les v\u00e9g\u00e9tariens<\/p>\n<p>Le curry Massaman est un curry Tha\u00eflandais, mais qui a comme origine la tradition musulmane, c&#8217;est un curry avec des go\u00fbt relev\u00e9 de cumin et d&#8217;\u00e9pices fortes. Comme il est d&#8217;origine musulmane, il est principalement pr\u00e9par\u00e9 avec du poulet ou du boeuf.<\/p>\n<p>&nbsp;<\/p>\n<p>&nbsp;<\/p>\n","protected":false},"excerpt":{"rendered":"<p>Il s&#8217;agit d&#8217;un lot qui comprend les 4 curry les plus connus de la cuisine thailandaise:<\/p>\n<ul>\n<li>1 sachet de 50g de P\u00e2te Curry Panang &#8211; <em>Panang Curry Paste<\/em><\/li>\n<li>1 sachet de 50g de P\u00e2te de Curry Vert &#8211; <em>Green Curry Paste<\/em><\/li>\n<li>1 sachet de 50g de P\u00e2te de Curry Rouge &#8211; <em>Red Curry Paste<\/em><\/li>\n<li>1 sachet de 50g de P\u00e2te de Curry Massaman &#8211; <em>Massaman Curry Paste<\/em><\/li>\n<\/ul>\n","protected":false},"featured_media":602,"comment_status":"open","ping_status":"closed","template":"","meta":{"om_disable_all_campaigns":false,"_monsterinsights_skip_tracking":false,"_monsterinsights_sitenote_active":false,"_monsterinsights_sitenote_note":"","_monsterinsights_sitenote_category":0,"_kadence_starter_templates_imported_post":false},"product_brand":[],"product_cat":[306,45],"product_tag":[95,96,89,91,93,55,56,99,97,100,101,105,104,102,103,106,92,98,90,94,107,154],"class_list":{"0":"post-601","1":"product","2":"type-product","3":"status-publish","4":"has-post-thumbnail","6":"product_cat-aides-a-la-preparation","7":"product_cat-epicerie-epicery","8":"product_tag-asia-marche","9":"product_tag-asia-market","10":"product_tag-curry","11":"product_tag-curry-thai","12":"product_tag-ecpicerie-asiatique","13":"product_tag-fm-thai-shop","14":"product_tag-fmthaishop","15":"product_tag-green-curry","16":"product_tag-massaman-curry","17":"product_tag-paneng-curry","18":"product_tag-pate-de-curry","19":"product_tag-pate-de-curry-massaman","20":"product_tag-pate-de-curry-paneng","21":"product_tag-pate-de-curry-rouge","22":"product_tag-pate-de-curry-vert","23":"product_tag-produits-thailandais","24":"product_tag-produits-thailandais-en-ligne","25":"product_tag-red-curry","26":"product_tag-thai-curry","27":"product_tag-thai-shop","28":"product_tag-thai-shop-in-paris","29":"product_tag-thaishop","31":"first","32":"instock","33":"purchasable","34":"product-type-simple"},"aioseo_notices":[],"_links":{"self":[{"href":"https:\/\/fmthaishop.com\/index.php?rest_route=\/wp\/v2\/product\/601","targetHints":{"allow":["GET"]}}],"collection":[{"href":"https:\/\/fmthaishop.com\/index.php?rest_route=\/wp\/v2\/product"}],"about":[{"href":"https:\/\/fmthaishop.com\/index.php?rest_route=\/wp\/v2\/types\/product"}],"replies":[{"embeddable":true,"href":"https:\/\/fmthaishop.com\/index.php?rest_route=%2Fwp%2Fv2%2Fcomments&post=601"}],"wp:featuredmedia":[{"embeddable":true,"href":"https:\/\/fmthaishop.com\/index.php?rest_route=\/wp\/v2\/media\/602"}],"wp:attachment":[{"href":"https:\/\/fmthaishop.com\/index.php?rest_route=%2Fwp%2Fv2%2Fmedia&parent=601"}],"wp:term":[{"taxonomy":"product_brand","embeddable":true,"href":"https:\/\/fmthaishop.com\/index.php?rest_route=%2Fwp%2Fv2%2Fproduct_brand&post=601"},{"taxonomy":"product_cat","embeddable":true,"href":"https:\/\/fmthaishop.com\/index.php?rest_route=%2Fwp%2Fv2%2Fproduct_cat&post=601"},{"taxonomy":"product_tag","embeddable":true,"href":"https:\/\/fmthaishop.com\/index.php?rest_route=%2Fwp%2Fv2%2Fproduct_tag&post=601"}],"curies":[{"name":"wp","href":"https:\/\/api.w.org\/{rel}","templated":true}]}}