{"id":6078,"date":"2024-08-24T07:35:16","date_gmt":"2024-08-24T07:35:16","guid":{"rendered":"https:\/\/fmthaishop.com\/?post_type=product&#038;p=6078"},"modified":"2026-04-05T09:57:21","modified_gmt":"2026-04-05T09:57:21","slug":"lhuile-siang-pure-formule-1-25ml","status":"publish","type":"product","link":"https:\/\/fmthaishop.com\/?product=lhuile-siang-pure-formule-1-25ml","title":{"rendered":"L&#8217;huile Siang Pure &#8220;Formule 1&#8221; &#8211; 25ml"},"content":{"rendered":"<p>L&#8217;huile Siang Pure &#8220;Formule I&#8221; est id\u00e9ale pour soulager les douleurs musculaires, articulaires, cervicales, lombaires et les piqures d&#8217;insectes.<\/p>\n<p>Elle est \u00e9galement efficace contre les maux de t\u00eate, les migraines, les probl\u00e8mes respiratoires et le nez bouch\u00e9.<\/p>\n<p>Elle vous procurera une sensation de chaleur, qui vous soulagera rapidement en moins de 5 minutes.<\/p>\n<p>&nbsp;<\/p>\n<h6>Composition: menthol, huile de menthe poivr\u00e9e, huile de cannelle, huile de clou de girofle.<\/h6>\n<p>&nbsp;<\/p>\n<p>&nbsp;<\/p>\n","protected":false},"excerpt":{"rendered":"<p>L&#8217;huile Siang Pure &#8220;Formule I&#8221; est id\u00e9ale pour soulager les douleurs musculaires, articulaires, cervicales, lombaires et les piqures d&#8217;insectes. Elle est \u00e9galement efficace contre les maux de t\u00eate, les migraines, les probl\u00e8mes respiratoires et le nez bouch\u00e9. Elle vous procurera une sensation de chaleur, qui vous soulagera rapidement en moins de 5 minutes. &nbsp; Composition: [&hellip;]<\/p>\n","protected":false},"featured_media":6079,"comment_status":"closed","ping_status":"closed","template":"","meta":{"om_disable_all_campaigns":false,"_monsterinsights_skip_tracking":false,"_monsterinsights_sitenote_active":false,"_monsterinsights_sitenote_note":"","_monsterinsights_sitenote_category":0,"_kadence_starter_templates_imported_post":false},"product_brand":[],"product_cat":[43],"product_tag":[318,316,108,53,55,257,250,106,92,94,66,62,109,197,317],"class_list":{"0":"post-6078","1":"product","2":"type-product","3":"status-publish","4":"has-post-thumbnail","6":"product_cat-sante-et-bien-etre","7":"product_tag-baume","8":"product_tag-baume-du-tigre","9":"product_tag-epicerie-asiatique","10":"product_tag-essential-oils","11":"product_tag-fm-thai-shop","12":"product_tag-hong-thai-inhaler","13":"product_tag-produits-thai","14":"product_tag-produits-thailandais","15":"product_tag-produits-thailandais-en-ligne","16":"product_tag-thai-shop","17":"product_tag-thailand","18":"product_tag-thailande","19":"product_tag-thaiproductsinparis","20":"product_tag-thaishopinparis","21":"product_tag-tiger-balm","23":"first","24":"instock","25":"purchasable","26":"product-type-simple"},"aioseo_notices":[],"_links":{"self":[{"href":"https:\/\/fmthaishop.com\/index.php?rest_route=\/wp\/v2\/product\/6078","targetHints":{"allow":["GET"]}}],"collection":[{"href":"https:\/\/fmthaishop.com\/index.php?rest_route=\/wp\/v2\/product"}],"about":[{"href":"https:\/\/fmthaishop.com\/index.php?rest_route=\/wp\/v2\/types\/product"}],"replies":[{"embeddable":true,"href":"https:\/\/fmthaishop.com\/index.php?rest_route=%2Fwp%2Fv2%2Fcomments&post=6078"}],"wp:featuredmedia":[{"embeddable":true,"href":"https:\/\/fmthaishop.com\/index.php?rest_route=\/wp\/v2\/media\/6079"}],"wp:attachment":[{"href":"https:\/\/fmthaishop.com\/index.php?rest_route=%2Fwp%2Fv2%2Fmedia&parent=6078"}],"wp:term":[{"taxonomy":"product_brand","embeddable":true,"href":"https:\/\/fmthaishop.com\/index.php?rest_route=%2Fwp%2Fv2%2Fproduct_brand&post=6078"},{"taxonomy":"product_cat","embeddable":true,"href":"https:\/\/fmthaishop.com\/index.php?rest_route=%2Fwp%2Fv2%2Fproduct_cat&post=6078"},{"taxonomy":"product_tag","embeddable":true,"href":"https:\/\/fmthaishop.com\/index.php?rest_route=%2Fwp%2Fv2%2Fproduct_tag&post=6078"}],"curies":[{"name":"wp","href":"https:\/\/api.w.org\/{rel}","templated":true}]}}