{"id":6085,"date":"2024-08-25T20:29:13","date_gmt":"2024-08-25T20:29:13","guid":{"rendered":"https:\/\/fmthaishop.com\/?post_type=product&#038;p=6085"},"modified":"2026-04-03T19:18:29","modified_gmt":"2026-04-03T19:18:29","slug":"sweet-chili-sauce-sauce-epicee-pour-poulet","status":"publish","type":"product","link":"https:\/\/fmthaishop.com\/?product=sweet-chili-sauce-sauce-epicee-pour-poulet","title":{"rendered":"Sweet Chili Sauce &#8211; Sauce \u00e9pic\u00e9e pour poulet"},"content":{"rendered":"<p>Notre sauce \u00e9pic\u00e9e pour poulet est faite \u00e0 partir d&#8217;un m\u00e9lange parfait d&#8217;\u00e9pices, cr\u00e9ant une saveur d\u00e9licieuse qui rel\u00e8ve tous vos plats de poulet. Que vous soyez un amateur de piquant ou simplement \u00e0 la recherche d&#8217;une saveur unique, cette sauce saura satisfaire votre palais.<\/p>\n<p>Sa saveur aigre douce, d\u00e9licatement \u00e9pic\u00e9e peut aussi bien \u00eatre utilis\u00e9e pour relever les nems et rouleaux de printemps.<\/p>\n<p>Ingr\u00e9dients:<\/p>\n<p>Sucre, eau, piment rouge(14%), vinaigre naturel, ail, sel, amidon de ma\u00efs modifi\u00e9, \u00e9paississant: gomme xenthane.<\/p>\n","protected":false},"excerpt":{"rendered":"<p>Sauce \u00e9pic\u00e9e pour poulet<\/p>\n","protected":false},"featured_media":6086,"comment_status":"closed","ping_status":"closed","template":"","meta":{"om_disable_all_campaigns":false,"_monsterinsights_skip_tracking":false,"_monsterinsights_sitenote_active":false,"_monsterinsights_sitenote_note":"","_monsterinsights_sitenote_category":0,"_kadence_starter_templates_imported_post":false},"product_brand":[],"product_cat":[305,45],"product_tag":[95,73,265,55,56,58,278,64,250,106,92,319,63,67,94,107],"class_list":{"0":"post-6085","1":"product","2":"type-product","3":"status-publish","4":"has-post-thumbnail","6":"product_cat-assaisonnements","7":"product_cat-epicerie-epicery","8":"product_tag-asia-marche","9":"product_tag-bangkok","10":"product_tag-epicerie","11":"product_tag-fm-thai-shop","12":"product_tag-fmthaishop","13":"product_tag-france","14":"product_tag-padthai","15":"product_tag-produit-thai","16":"product_tag-produits-thai","17":"product_tag-produits-thailandais","18":"product_tag-produits-thailandais-en-ligne","19":"product_tag-sauce-poulet","20":"product_tag-thai-product","21":"product_tag-thai-products-in-paris","22":"product_tag-thai-shop","23":"product_tag-thai-shop-in-paris","25":"first","26":"instock","27":"purchasable","28":"product-type-simple"},"aioseo_notices":[],"_links":{"self":[{"href":"https:\/\/fmthaishop.com\/index.php?rest_route=\/wp\/v2\/product\/6085","targetHints":{"allow":["GET"]}}],"collection":[{"href":"https:\/\/fmthaishop.com\/index.php?rest_route=\/wp\/v2\/product"}],"about":[{"href":"https:\/\/fmthaishop.com\/index.php?rest_route=\/wp\/v2\/types\/product"}],"replies":[{"embeddable":true,"href":"https:\/\/fmthaishop.com\/index.php?rest_route=%2Fwp%2Fv2%2Fcomments&post=6085"}],"wp:featuredmedia":[{"embeddable":true,"href":"https:\/\/fmthaishop.com\/index.php?rest_route=\/wp\/v2\/media\/6086"}],"wp:attachment":[{"href":"https:\/\/fmthaishop.com\/index.php?rest_route=%2Fwp%2Fv2%2Fmedia&parent=6085"}],"wp:term":[{"taxonomy":"product_brand","embeddable":true,"href":"https:\/\/fmthaishop.com\/index.php?rest_route=%2Fwp%2Fv2%2Fproduct_brand&post=6085"},{"taxonomy":"product_cat","embeddable":true,"href":"https:\/\/fmthaishop.com\/index.php?rest_route=%2Fwp%2Fv2%2Fproduct_cat&post=6085"},{"taxonomy":"product_tag","embeddable":true,"href":"https:\/\/fmthaishop.com\/index.php?rest_route=%2Fwp%2Fv2%2Fproduct_tag&post=6085"}],"curies":[{"name":"wp","href":"https:\/\/api.w.org\/{rel}","templated":true}]}}