{"id":6098,"date":"2024-09-08T15:45:42","date_gmt":"2024-09-08T15:45:42","guid":{"rendered":"https:\/\/fmthaishop.com\/?post_type=product&#038;p=6098"},"modified":"2025-07-06T19:17:03","modified_gmt":"2025-07-06T19:17:03","slug":"maillot-de-football-thailande-couleur-noire","status":"publish","type":"product","link":"https:\/\/fmthaishop.com\/?product=maillot-de-football-thailande-couleur-noire","title":{"rendered":"Maillot de football Thailande &#8211; couleur noire"},"content":{"rendered":"<p>Le maillot de football de l&#8217;\u00e9quipe nationale tha\u00eflandaise de couleur noire est fabriqu\u00e9 en tissu l\u00e9ger, ce qui assure la respirabilit\u00e9 et la facilit\u00e9 de mouvement et le rend parfait pour la pratique du football ou tout simplement pour une tenue d\u00e9contract\u00e9e.<\/p>\n<p>&nbsp;<\/p>\n","protected":false},"excerpt":{"rendered":"<p>Maillot de football de l&#8217;\u00e9quipe nationale de Thailande &#8211; couleur noire.<\/p>\n<p>Mati\u00e8re: 100% coton<\/p>\n<p>Tailles:<\/p>\n<p>XL &#8211; 74 x 53.5 cm<\/p>\n<p>XXL: 77.5 x 59.cm<\/p>\n","protected":false},"featured_media":6099,"comment_status":"closed","ping_status":"closed","template":"","meta":{"om_disable_all_campaigns":false,"_monsterinsights_skip_tracking":false,"_monsterinsights_sitenote_active":false,"_monsterinsights_sitenote_note":"","_monsterinsights_sitenote_category":0,"_kadence_starter_templates_imported_post":false},"product_brand":[],"product_cat":[44],"product_tag":[55,56,327,58,326,57,68,64,250,106,79,76,62],"class_list":{"0":"post-6098","1":"product","2":"type-product","3":"status-publish","4":"has-post-thumbnail","6":"product_cat-vetements-clothes","7":"product_tag-fm-thai-shop","8":"product_tag-fmthaishop","9":"product_tag-football-thailande","10":"product_tag-france","11":"product_tag-maillot-football","12":"product_tag-paris","13":"product_tag-paris-france","14":"product_tag-produit-thai","15":"product_tag-produits-thai","16":"product_tag-produits-thailandais","17":"product_tag-t-shirt-thailand","18":"product_tag-thai-football","19":"product_tag-thailande","21":"first","22":"outofstock","23":"purchasable","24":"product-type-variable"},"aioseo_notices":[],"_links":{"self":[{"href":"https:\/\/fmthaishop.com\/index.php?rest_route=\/wp\/v2\/product\/6098","targetHints":{"allow":["GET"]}}],"collection":[{"href":"https:\/\/fmthaishop.com\/index.php?rest_route=\/wp\/v2\/product"}],"about":[{"href":"https:\/\/fmthaishop.com\/index.php?rest_route=\/wp\/v2\/types\/product"}],"replies":[{"embeddable":true,"href":"https:\/\/fmthaishop.com\/index.php?rest_route=%2Fwp%2Fv2%2Fcomments&post=6098"}],"wp:featuredmedia":[{"embeddable":true,"href":"https:\/\/fmthaishop.com\/index.php?rest_route=\/wp\/v2\/media\/6099"}],"wp:attachment":[{"href":"https:\/\/fmthaishop.com\/index.php?rest_route=%2Fwp%2Fv2%2Fmedia&parent=6098"}],"wp:term":[{"taxonomy":"product_brand","embeddable":true,"href":"https:\/\/fmthaishop.com\/index.php?rest_route=%2Fwp%2Fv2%2Fproduct_brand&post=6098"},{"taxonomy":"product_cat","embeddable":true,"href":"https:\/\/fmthaishop.com\/index.php?rest_route=%2Fwp%2Fv2%2Fproduct_cat&post=6098"},{"taxonomy":"product_tag","embeddable":true,"href":"https:\/\/fmthaishop.com\/index.php?rest_route=%2Fwp%2Fv2%2Fproduct_tag&post=6098"}],"curies":[{"name":"wp","href":"https:\/\/api.w.org\/{rel}","templated":true}]}}