{"id":6182,"date":"2025-05-18T08:30:50","date_gmt":"2025-05-18T08:30:50","guid":{"rendered":"https:\/\/fmthaishop.com\/?post_type=product&#038;p=6182"},"modified":"2025-05-18T08:35:51","modified_gmt":"2025-05-18T08:35:51","slug":"enfant-vetement-motif-elephant-tille-5-6-ans-%e0%b9%80%e0%b8%8b%e0%b9%87%e0%b8%95%e0%b8%8a%e0%b8%b8%e0%b8%94%e0%b9%80%e0%b8%94%e0%b9%87%e0%b8%81%e0%b8%a5%e0%b8%b2%e0%b8%a2%e0%b8%8a%e0%b9%89%e0%b8%b2","status":"publish","type":"product","link":"https:\/\/fmthaishop.com\/?product=enfant-vetement-motif-elephant-tille-5-6-ans-%e0%b9%80%e0%b8%8b%e0%b9%87%e0%b8%95%e0%b8%8a%e0%b8%b8%e0%b8%94%e0%b9%80%e0%b8%94%e0%b9%87%e0%b8%81%e0%b8%a5%e0%b8%b2%e0%b8%a2%e0%b8%8a%e0%b9%89%e0%b8%b2","title":{"rendered":"enfant v\u00eatement motif \u00e9l\u00e9phant tille (6 -7ans) \u0e40\u0e0b\u0e47\u0e15\u0e0a\u0e38\u0e14\u0e40\u0e14\u0e47\u0e01\u0e25\u0e32\u0e22\u0e0a\u0e49\u0e32\u0e07"},"content":{"rendered":"<p>enfant v\u00eatement motif \u00e9l\u00e9phant tille (6-7 ans) \u0e40\u0e0b\u0e47\u0e15\u0e0a\u0e38\u0e14\u0e40\u0e14\u0e47\u0e01\u0e25\u0e32\u0e22\u0e0a\u0e49\u0e32\u0e07<\/p>\n","protected":false},"excerpt":{"rendered":"<p>enfant v\u00eatement motif \u00e9l\u00e9phant tille (6-7 ans) \u0e40\u0e0b\u0e47\u0e15\u0e0a\u0e38\u0e14\u0e40\u0e14\u0e47\u0e01\u0e25\u0e32\u0e22\u0e0a\u0e49\u0e32\u0e07<\/p>\n","protected":false},"featured_media":6183,"comment_status":"closed","ping_status":"closed","template":"","meta":{"om_disable_all_campaigns":false,"_monsterinsights_skip_tracking":false,"_monsterinsights_sitenote_active":false,"_monsterinsights_sitenote_note":"","_monsterinsights_sitenote_category":0,"_kadence_starter_templates_imported_post":false},"product_brand":[],"product_cat":[44],"product_tag":[347,352,56,58,57,106,107],"class_list":{"0":"post-6182","1":"product","2":"type-product","3":"status-publish","4":"has-post-thumbnail","6":"product_cat-vetements-clothes","7":"product_tag-boutique-thailandaise-en-ligne","8":"product_tag-enfant-vetement-motif-elephant-tille-6-7-ans-","9":"product_tag-fmthaishop","10":"product_tag-france","11":"product_tag-paris","12":"product_tag-produits-thailandais","13":"product_tag-thai-shop-in-paris","15":"first","16":"instock","17":"purchasable","18":"product-type-simple"},"aioseo_notices":[],"_links":{"self":[{"href":"https:\/\/fmthaishop.com\/index.php?rest_route=\/wp\/v2\/product\/6182","targetHints":{"allow":["GET"]}}],"collection":[{"href":"https:\/\/fmthaishop.com\/index.php?rest_route=\/wp\/v2\/product"}],"about":[{"href":"https:\/\/fmthaishop.com\/index.php?rest_route=\/wp\/v2\/types\/product"}],"replies":[{"embeddable":true,"href":"https:\/\/fmthaishop.com\/index.php?rest_route=%2Fwp%2Fv2%2Fcomments&post=6182"}],"wp:featuredmedia":[{"embeddable":true,"href":"https:\/\/fmthaishop.com\/index.php?rest_route=\/wp\/v2\/media\/6183"}],"wp:attachment":[{"href":"https:\/\/fmthaishop.com\/index.php?rest_route=%2Fwp%2Fv2%2Fmedia&parent=6182"}],"wp:term":[{"taxonomy":"product_brand","embeddable":true,"href":"https:\/\/fmthaishop.com\/index.php?rest_route=%2Fwp%2Fv2%2Fproduct_brand&post=6182"},{"taxonomy":"product_cat","embeddable":true,"href":"https:\/\/fmthaishop.com\/index.php?rest_route=%2Fwp%2Fv2%2Fproduct_cat&post=6182"},{"taxonomy":"product_tag","embeddable":true,"href":"https:\/\/fmthaishop.com\/index.php?rest_route=%2Fwp%2Fv2%2Fproduct_tag&post=6182"}],"curies":[{"name":"wp","href":"https:\/\/api.w.org\/{rel}","templated":true}]}}