{"id":6198,"date":"2025-05-25T09:29:57","date_gmt":"2025-05-25T09:29:57","guid":{"rendered":"https:\/\/fmthaishop.com\/?post_type=product&#038;p=6198"},"modified":"2025-09-16T00:01:35","modified_gmt":"2025-09-16T00:01:35","slug":"apres-shampoing-thailandais-250ml-haire-treatment-dry-damaged-%e0%b8%84%e0%b8%a3%e0%b8%b5%e0%b8%a1%e0%b8%9a%e0%b8%b3%e0%b8%a3%e0%b8%b8%e0%b8%87%e0%b8%9c%e0%b8%a1%e0%b8%aa%e0%b8%b9%e0%b8%95%e0%b8%a3","status":"publish","type":"product","link":"https:\/\/fmthaishop.com\/?product=apres-shampoing-thailandais-250ml-haire-treatment-dry-damaged-%e0%b8%84%e0%b8%a3%e0%b8%b5%e0%b8%a1%e0%b8%9a%e0%b8%b3%e0%b8%a3%e0%b8%b8%e0%b8%87%e0%b8%9c%e0%b8%a1%e0%b8%aa%e0%b8%b9%e0%b8%95%e0%b8%a3","title":{"rendered":"APRES SHAMPOING THAILANDAIS 250ml\/Hair treatment dry &#038; damaged \/\u0e04\u0e23\u0e35\u0e21\u0e1a\u0e33\u0e23\u0e38\u0e07\u0e1c\u0e21\u0e2a\u0e39\u0e15\u0e23\u0e40\u0e02\u0e49\u0e21\u0e02\u0e49\u0e19\u0e2a\u0e33\u0e2b\u0e23\u0e31\u0e1a\u0e1f\u0e37\u0e49\u0e19\u0e1f\u0e39\u0e2a\u0e20\u0e32\u0e1e\u0e40\u0e2a\u0e49\u0e19\u0e1c\u0e21\u0e17\u0e35\u0e48\u0e41\u0e2b\u0e49\u0e07\u0e40\u0e2a\u0e35\u0e22\u0e41\u0e15\u0e01\u0e1b\u0e25\u0e32\u0e22\u0e0a\u0e35\u0e49\u0e1f\u0e39(\u0e44\u0e23\u0e49\u0e19\u0e49\u0e33\u0e2b\u0e19\u0e31\u0e01)"},"content":{"rendered":"<p>APRES SHAMPOING THAILANDAIS 250ml\/Hair treatment dry &amp; damaged \/\u0e04\u0e23\u0e35\u0e21\u0e1a\u0e33\u0e23\u0e38\u0e07\u0e1c\u0e21\u0e2a\u0e39\u0e15\u0e23\u0e40\u0e02\u0e49\u0e21\u0e02\u0e49\u0e19\u0e2a\u0e33\u0e2b\u0e23\u0e31\u0e1a\u0e1f\u0e37\u0e49\u0e19\u0e1f\u0e39\u0e2a\u0e20\u0e32\u0e1e\u0e40\u0e2a\u0e49\u0e19\u0e1c\u0e21\u0e17\u0e35\u0e48\u0e41\u0e2b\u0e49\u0e07\u0e40\u0e2a\u0e35\u0e22\u0e41\u0e15\u0e01\u0e1b\u0e25\u0e32\u0e22\u0e0a\u0e35\u0e49\u0e1f\u0e39(\u0e44\u0e23\u0e49\u0e19\u0e49\u0e33\u0e2b\u0e19\u0e31\u0e01)<\/p>\n<table class=\"a-normal a-spacing-micro\" role=\"list\">\n<tbody>\n<tr class=\"a-spacing-small po-brand\" role=\"listitem\">\n<td class=\"a-span3\" role=\"presentation\"><span class=\"a-size-base a-text-bold\">Marque<\/span><\/td>\n<td class=\"a-span9\" role=\"presentation\"><span class=\"a-size-base po-break-word\">BIOWOMAN<\/span><\/td>\n<\/tr>\n<tr class=\"a-spacing-small po-item_form\" role=\"listitem\">\n<td class=\"a-span3\" role=\"presentation\"><span class=\"a-size-base a-text-bold\">Forme de l&#8217;article<\/span><\/td>\n<td class=\"a-span9\" role=\"presentation\"><span class=\"a-size-base po-break-word\">Cr\u00e8me<\/span><\/td>\n<\/tr>\n<tr class=\"a-spacing-small po-hair_type\" role=\"listitem\">\n<td class=\"a-span3\" role=\"presentation\"><span class=\"a-size-base a-text-bold\">Type de cheveux<\/span><\/td>\n<td class=\"a-span9\" role=\"presentation\"><span class=\"a-size-base po-break-word\">Tous<\/span><\/td>\n<\/tr>\n<tr class=\"a-spacing-small po-product_benefit\" role=\"listitem\">\n<td class=\"a-span3\" role=\"presentation\"><span class=\"a-size-base a-text-bold\">Avantages du produit<\/span><\/td>\n<td class=\"a-span9\" role=\"presentation\"><span class=\"a-size-base po-break-word\">Nourrissant, Anti-chute de cheveu, R\u00e9paration de la pointe fourchue, Hydratant, D\u00e9m\u00ealant, Volumisant<\/span><\/td>\n<\/tr>\n<tr class=\"a-spacing-small po-age_range_description\" role=\"listitem\">\n<td class=\"a-span3\" role=\"presentation\"><span class=\"a-size-base a-text-bold\">Tranche d&#8217;\u00e2ge (description)<\/span><\/td>\n<td class=\"a-span9\" role=\"presentation\"><span class=\"a-size-base po-break-word\">Adulte<\/span><\/td>\n<\/tr>\n<\/tbody>\n<\/table>\n<h2 class=\"a-size-base-plus a-text-bold\">\u00c0 propos de cet article<\/h2>\n<ul class=\"a-unordered-list a-vertical a-spacing-mini\">\n<li class=\"a-spacing-mini\"><span class=\"a-list-item\">L&#8217;odeur du riz est pr\u00e9sent<\/span><\/li>\n<li class=\"a-spacing-mini\"><span class=\"a-list-item\">Produit num\u00e9ro 1 en Thailande<\/span><\/li>\n<li class=\"a-spacing-mini\"><span class=\"a-list-item\">Produit test\u00e9 sur TikTok comme miraculeux<\/span><\/li>\n<li class=\"a-spacing-mini\"><span class=\"a-list-item\">D\u00e9m\u00e9lant et soin pour tout type de cheveux<\/span><\/li>\n<li class=\"a-spacing-mini\"><span class=\"a-list-item\">Sans cruaut\u00e9 envers les animaux : Ces produits sont certifi\u00e9s sans cruaut\u00e9 envers les animaux, un choix \u00e9thique pour les consommateurs soucieux du bien-\u00eatre animal.<\/span><\/li>\n<\/ul>\n","protected":false},"excerpt":{"rendered":"<p>APRES SHAMPOING THAILANDAIS 250ml\/Hair treatment dry &amp; damaged \/\u0e04\u0e23\u0e35\u0e21\u0e1a\u0e33\u0e23\u0e38\u0e07\u0e1c\u0e21\u0e2a\u0e39\u0e15\u0e23\u0e40\u0e02\u0e49\u0e21\u0e02\u0e49\u0e19\u0e2a\u0e33\u0e2b\u0e23\u0e31\u0e1a\u0e1f\u0e37\u0e49\u0e19\u0e1f\u0e39\u0e2a\u0e20\u0e32\u0e1e\u0e40\u0e2a\u0e49\u0e19\u0e1c\u0e21\u0e17\u0e35\u0e48\u0e41\u0e2b\u0e49\u0e07\u0e40\u0e2a\u0e35\u0e22\u0e41\u0e15\u0e01\u0e1b\u0e25\u0e32\u0e22\u0e0a\u0e35\u0e49\u0e1f\u0e39(\u0e44\u0e23\u0e49\u0e19\u0e49\u0e33\u0e2b\u0e19\u0e31\u0e01) Marque BIOWOMAN Forme de l&#8217;article Cr\u00e8me Type de cheveux Tous Avantages du produit Nourrissant, Anti-chute de cheveu, R\u00e9paration de la pointe fourchue, Hydratant, D\u00e9m\u00ealant, Volumisant Tranche d&#8217;\u00e2ge (description) Adulte \u00c0 propos de cet article L&#8217;odeur du riz est pr\u00e9sent Produit num\u00e9ro 1 en Thailande Produit test\u00e9 [&hellip;]<\/p>\n","protected":false},"featured_media":6199,"comment_status":"closed","ping_status":"closed","template":"","meta":{"om_disable_all_campaigns":false,"_monsterinsights_skip_tracking":false,"_monsterinsights_sitenote_active":false,"_monsterinsights_sitenote_note":"","_monsterinsights_sitenote_category":0,"_kadence_starter_templates_imported_post":false},"product_brand":[],"product_cat":[43],"product_tag":[354,347,56,109,197],"class_list":{"0":"post-6198","1":"product","2":"type-product","3":"status-publish","4":"has-post-thumbnail","6":"product_cat-sante-et-bien-etre","7":"product_tag-apres-shampoing-thailandais-250ml-haire-treatment-dry-damaged-","8":"product_tag-boutique-thailandaise-en-ligne","9":"product_tag-fmthaishop","10":"product_tag-thaiproductsinparis","11":"product_tag-thaishopinparis","13":"first","14":"instock","15":"purchasable","16":"product-type-simple"},"aioseo_notices":[],"_links":{"self":[{"href":"https:\/\/fmthaishop.com\/index.php?rest_route=\/wp\/v2\/product\/6198","targetHints":{"allow":["GET"]}}],"collection":[{"href":"https:\/\/fmthaishop.com\/index.php?rest_route=\/wp\/v2\/product"}],"about":[{"href":"https:\/\/fmthaishop.com\/index.php?rest_route=\/wp\/v2\/types\/product"}],"replies":[{"embeddable":true,"href":"https:\/\/fmthaishop.com\/index.php?rest_route=%2Fwp%2Fv2%2Fcomments&post=6198"}],"wp:featuredmedia":[{"embeddable":true,"href":"https:\/\/fmthaishop.com\/index.php?rest_route=\/wp\/v2\/media\/6199"}],"wp:attachment":[{"href":"https:\/\/fmthaishop.com\/index.php?rest_route=%2Fwp%2Fv2%2Fmedia&parent=6198"}],"wp:term":[{"taxonomy":"product_brand","embeddable":true,"href":"https:\/\/fmthaishop.com\/index.php?rest_route=%2Fwp%2Fv2%2Fproduct_brand&post=6198"},{"taxonomy":"product_cat","embeddable":true,"href":"https:\/\/fmthaishop.com\/index.php?rest_route=%2Fwp%2Fv2%2Fproduct_cat&post=6198"},{"taxonomy":"product_tag","embeddable":true,"href":"https:\/\/fmthaishop.com\/index.php?rest_route=%2Fwp%2Fv2%2Fproduct_tag&post=6198"}],"curies":[{"name":"wp","href":"https:\/\/api.w.org\/{rel}","templated":true}]}}