{"id":624,"date":"2024-01-25T22:09:48","date_gmt":"2024-01-25T22:09:48","guid":{"rendered":"https:\/\/fmthaishop.com\/?post_type=product&#038;p=624"},"modified":"2024-08-17T15:51:12","modified_gmt":"2024-08-17T15:51:12","slug":"pate-de-curry-massaman-massaman-curry-paste400g%e0%b8%9e%e0%b8%a3%e0%b8%b4%e0%b8%81%e0%b9%81%e0%b8%81%e0%b8%87%e0%b8%a1%e0%b8%b1%e0%b8%aa%e0%b8%a1%e0%b8%b1%e0%b9%88%e0%b8%99","status":"publish","type":"product","link":"https:\/\/fmthaishop.com\/?product=pate-de-curry-massaman-massaman-curry-paste400g%e0%b8%9e%e0%b8%a3%e0%b8%b4%e0%b8%81%e0%b9%81%e0%b8%81%e0%b8%87%e0%b8%a1%e0%b8%b1%e0%b8%aa%e0%b8%a1%e0%b8%b1%e0%b9%88%e0%b8%99","title":{"rendered":"P\u00e2te de Curry Massaman &#8211; Massaman Curry Paste(400g)\u0e1e\u0e23\u0e34\u0e01\u0e41\u0e01\u0e07\u0e21\u0e31\u0e2a\u0e21\u0e31\u0e48\u0e19"},"content":{"rendered":"<p>Le curry Massaman est un curry Tha\u00eflandais, mais qui a comme origine la tradition musulmane, c&#8217;est un curry avec des go\u00fbt relev\u00e9 de cumin et d&#8217;\u00e9pices fortes. Comme il est d&#8217;origine musulmane, il est principalement pr\u00e9par\u00e9 avec du poulet ou du boeuf.<\/p>\n<p><strong>Massaman Curry<\/strong>\u00a0is a mild, slightly sweet, and lightly tangy Thai curry made by simmering meat, potatoes, vegetables, in a mixture of coconut milk and fragrant curry paste. It tastes thick and creamy, richly aromatic, and oh-so-wonderful!<\/p>\n<p><strong>\u0e41\u0e01\u0e07\u0e21\u0e31\u0e2a\u0e21\u0e31\u0e48\u0e19<\/strong>\u00a0\u0e40\u0e1b\u0e47\u0e19\u0e2d\u0e32\u0e2b\u0e32\u0e23\u0e1b\u0e23\u0e30\u0e40\u0e20\u0e17\u0e41\u0e01\u0e07\u0e17\u0e35\u0e48\u0e44\u0e14\u0e49\u0e23\u0e31\u0e1a\u0e2d\u0e34\u0e17\u0e18\u0e34\u0e1e\u0e25\u0e21\u0e32\u0e08\u0e32\u0e01\u0e2d\u0e32\u0e2b\u0e32\u0e23\u0e21\u0e25\u0e32\u0e22\u0e39 \u0e0a\u0e32\u0e27\u0e44\u0e17\u0e22<a href=\"https:\/\/th.wikipedia.org\/wiki\/%E0%B8%A1%E0%B8%B8%E0%B8%AA%E0%B8%A5%E0%B8%B4%E0%B8%A1\">\u0e21\u0e38\u0e2a\u0e25\u0e34\u0e21<\/a>\u0e40\u0e23\u0e35\u0e22\u0e01\u0e41\u0e01\u0e07\u0e0a\u0e19\u0e34\u0e14\u0e19\u0e35\u0e49\u0e27\u0e48\u0e32\u00a0<em>\u0e0b\u0e32\u0e25\u0e30\u0e2b\u0e21\u0e31\u0e48\u0e19<\/em>\u00a0\u0e41\u0e01\u0e07\u0e21\u0e31\u0e2a\u0e21\u0e31\u0e48\u0e19\u0e41\u0e1a\u0e1a\u0e21\u0e38\u0e2a\u0e25\u0e34\u0e21\u0e44\u0e17\u0e22\u0e2d\u0e2d\u0e01\u0e23\u0e2a\u0e2b\u0e27\u0e32\u0e19\u0e43\u0e19\u0e02\u0e13\u0e30\u0e17\u0e35\u0e48\u0e15\u0e33\u0e23\u0e31\u0e1a\u0e14\u0e31\u0e49\u0e07\u0e40\u0e14\u0e34\u0e21\u0e02\u0e2d\u0e07\u0e0a\u0e32\u0e27\u0e21\u0e38\u0e2a\u0e25\u0e34\u0e21\u0e2d\u0e2d\u0e01\u0e23\u0e2a\u0e40\u0e04\u0e47\u0e21\u0e21\u0e31\u0e19 \u0e43\u0e19\u0e44\u0e17\u0e22\u0e21\u0e35\u0e27\u0e34\u0e18\u0e35\u0e01\u0e32\u0e23\u0e17\u0e33\u0e2a\u0e2d\u0e07\u0e41\u0e1a\u0e1a\u0e04\u0e37\u0e2d \u0e41\u0e1a\u0e1a\u0e44\u0e17\u0e22 \u0e19\u0e49\u0e33\u0e1e\u0e23\u0e34\u0e01\u0e41\u0e01\u0e07\u0e21\u0e35 \u0e1e\u0e23\u0e34\u0e01\u0e41\u0e2b\u0e49\u0e07 \u0e02\u0e48\u0e32 \u0e15\u0e30\u0e44\u0e04\u0e23\u0e49 \u0e2b\u0e2d\u0e21 \u0e01\u0e23\u0e30\u0e40\u0e17\u0e35\u0e22\u0e21 \u0e25\u0e39\u0e01\u0e1c\u0e31\u0e01\u0e0a\u0e35\u00a0<a href=\"https:\/\/th.wikipedia.org\/wiki\/%E0%B8%A2%E0%B8%B5%E0%B9%88%E0%B8%AB%E0%B8%A3%E0%B9%88%E0%B8%B2\">\u0e22\u0e35\u0e48\u0e2b\u0e23\u0e48\u0e32<\/a>\u00a0\u0e14\u0e2d\u0e01\u0e08\u0e31\u0e19\u0e17\u0e19\u0e4c\u00a0<a href=\"https:\/\/th.wikipedia.org\/wiki\/%E0%B8%81%E0%B8%B2%E0%B8%99%E0%B8%9E%E0%B8%A5%E0%B8%B9\">\u0e01\u0e32\u0e19\u0e1e\u0e25\u0e39<\/a>\u00a0\u0e1b\u0e23\u0e38\u0e07\u0e23\u0e2a\u0e43\u0e2b\u0e49\u0e2b\u0e27\u0e32\u0e19\u0e19\u0e33 \u0e40\u0e04\u0e47\u0e21\u0e41\u0e25\u0e30\u0e2d\u0e21\u0e40\u0e1b\u0e23\u0e35\u0e49\u0e22\u0e27 \u0e40\u0e1b\u0e47\u0e19\u0e41\u0e01\u0e07\u0e21\u0e35\u0e19\u0e49\u0e33\u0e21\u0e32\u0e01\u0e40\u0e1e\u0e37\u0e48\u0e2d\u0e23\u0e31\u0e1a\u0e1b\u0e23\u0e30\u0e17\u0e32\u0e19\u0e01\u0e31\u0e1a\u0e02\u0e49\u0e32\u0e27 \u0e2d\u0e35\u0e01\u0e41\u0e1a\u0e1a\u0e40\u0e1b\u0e47\u0e19\u0e41\u0e1a\u0e1a\u0e21\u0e38\u0e2a\u0e25\u0e34\u0e21 \u0e19\u0e49\u0e33\u0e02\u0e25\u0e38\u0e01\u0e02\u0e25\u0e34\u0e01 \u0e43\u0e0a\u0e49\u0e08\u0e34\u0e49\u0e21<a href=\"https:\/\/th.wikipedia.org\/wiki\/%E0%B8%82%E0%B8%99%E0%B8%A1%E0%B8%9B%E0%B8%B1%E0%B8%87\">\u0e02\u0e19\u0e21\u0e1b\u0e31\u0e07<\/a>\u0e2b\u0e23\u0e37\u0e2d<a href=\"https:\/\/th.wikipedia.org\/wiki\/%E0%B9%82%E0%B8%A3%E0%B8%95%E0%B8%B5\">\u0e42\u0e23\u0e15\u0e35<\/a>\u00a0\u0e43\u0e19\u0e19\u0e49\u0e33\u0e1e\u0e23\u0e34\u0e01\u0e41\u0e01\u0e07\u0e44\u0e21\u0e48\u0e43\u0e2a\u0e48\u0e02\u0e48\u0e32 \u0e15\u0e30\u0e44\u0e04\u0e23\u0e49 \u0e2a\u0e48\u0e27\u0e19\u0e1c\u0e2a\u0e21\u0e17\u0e35\u0e48\u0e40\u0e1b\u0e47\u0e19\u0e1e\u0e23\u0e34\u0e01\u0e41\u0e2b\u0e49\u0e07 \u0e2b\u0e2d\u0e21 \u0e01\u0e23\u0e30\u0e40\u0e17\u0e35\u0e22\u0e21 \u0e16\u0e31\u0e48\u0e27\u0e25\u0e34\u0e2a\u0e07\u0e08\u0e30\u0e17\u0e2d\u0e14\u0e01\u0e48\u0e2d\u0e19 \u0e43\u0e2a\u0e48\u0e1c\u0e07\u0e25\u0e39\u0e01\u0e1c\u0e31\u0e01\u0e0a\u0e35 \u0e22\u0e35\u0e48\u0e2b\u0e23\u0e48\u0e32 \u0e43\u0e2a\u0e48<a href=\"https:\/\/th.wikipedia.org\/wiki\/%E0%B8%A1%E0%B8%B1%E0%B8%99%E0%B8%9D%E0%B8%A3%E0%B8%B1%E0%B9%88%E0%B8%87\">\u0e21\u0e31\u0e19\u0e1d\u0e23\u0e31\u0e48\u0e07<\/a>\u00a0\u0e1a\u0e32\u0e07\u0e2a\u0e39\u0e15\u0e23\u0e43\u0e2a\u0e48<a href=\"https:\/\/th.wikipedia.org\/wiki\/%E0%B8%A1%E0%B8%B0%E0%B9%80%E0%B8%82%E0%B8%B7%E0%B8%AD%E0%B8%A2%E0%B8%B2%E0%B8%A7\">\u0e21\u0e30\u0e40\u0e02\u0e37\u0e2d\u0e22\u0e32\u0e27<\/a>\u00a0\u0e01\u0e48\u0e2d\u0e19\u0e08\u0e30\u0e21\u0e35\u0e21\u0e31\u0e19\u0e1d\u0e23\u0e31\u0e48\u0e07\u0e21\u0e32\u0e1b\u0e25\u0e39\u0e01\u0e41\u0e1e\u0e23\u0e48\u0e2b\u0e25\u0e32\u0e22\u0e43\u0e19\u0e44\u0e17\u0e22 \u0e08\u0e30\u0e19\u0e34\u0e22\u0e21\u0e43\u0e2a\u0e48<a href=\"https:\/\/th.wikipedia.org\/wiki\/%E0%B8%A1%E0%B8%B1%E0%B8%99%E0%B9%80%E0%B8%97%E0%B8%A8\">\u0e21\u0e31\u0e19\u0e40\u0e17\u0e28<\/a>\u00a0\u0e2a\u0e31\u0e19\u0e19\u0e34\u0e29\u0e10\u0e32\u0e19\u0e27\u0e48\u0e32\u0e04\u0e33\u0e27\u0e48\u0e32 &#8220;\u0e21\u0e31\u0e2a\u0e21\u0e31\u0e48\u0e19&#8221; \u0e21\u0e32\u0e08\u0e32\u0e01<a href=\"https:\/\/th.wikipedia.org\/wiki\/%E0%B8%A0%E0%B8%B2%E0%B8%A9%E0%B8%B2%E0%B9%80%E0%B8%9B%E0%B8%AD%E0%B8%A3%E0%B9%8C%E0%B9%80%E0%B8%8B%E0%B8%B5%E0%B8%A2\">\u0e20\u0e32\u0e29\u0e32\u0e40\u0e1b\u0e2d\u0e23\u0e4c\u0e40\u0e0b\u0e35\u0e22<\/a>\u0e04\u0e33\u0e27\u0e48\u0e32\u00a0\u0645\u0633\u0644\u0645\u0627\u0646\u00a0(\u0e21\u0e38\u0e2a\u0e25\u0e34\u0e21\u0e21\u0e32\u0e19) \u0e0b\u0e36\u0e48\u0e07\u0e2b\u0e21\u0e32\u0e22\u0e16\u0e36\u0e07\u00a0<a href=\"https:\/\/th.wikipedia.org\/wiki\/%E0%B8%8A%E0%B8%B2%E0%B8%A7%E0%B8%A1%E0%B8%B8%E0%B8%AA%E0%B8%A5%E0%B8%B4%E0%B8%A1\">\u0e0a\u0e32\u0e27\u0e21\u0e38\u0e2a\u0e25\u0e34\u0e21<\/a><\/p>\n","protected":false},"excerpt":{"rendered":"<h3>AROY-D &#8211; Massaman &#8211; Curry Paste P\u00e2te de Curry Massaman-\u0e1e\u0e23\u0e34\u0e01\u0e41\u0e01\u0e07\u0e21\u0e31\u0e2a\u0e21\u0e31\u0e48\u0e19<\/h3>\n","protected":false},"featured_media":614,"comment_status":"open","ping_status":"closed","template":"","meta":{"om_disable_all_campaigns":false,"_monsterinsights_skip_tracking":false,"_monsterinsights_sitenote_active":false,"_monsterinsights_sitenote_note":"","_monsterinsights_sitenote_category":0,"_kadence_starter_templates_imported_post":false},"product_brand":[],"product_cat":[306,45],"product_tag":[108,55,56,97,105,64,106,92,63,67,94,154],"class_list":{"0":"post-624","1":"product","2":"type-product","3":"status-publish","4":"has-post-thumbnail","6":"product_cat-aides-a-la-preparation","7":"product_cat-epicerie-epicery","8":"product_tag-epicerie-asiatique","9":"product_tag-fm-thai-shop","10":"product_tag-fmthaishop","11":"product_tag-massaman-curry","12":"product_tag-pate-de-curry-massaman","13":"product_tag-produit-thai","14":"product_tag-produits-thailandais","15":"product_tag-produits-thailandais-en-ligne","16":"product_tag-thai-product","17":"product_tag-thai-products-in-paris","18":"product_tag-thai-shop","19":"product_tag-thaishop","21":"first","22":"instock","23":"purchasable","24":"product-type-simple"},"aioseo_notices":[],"_links":{"self":[{"href":"https:\/\/fmthaishop.com\/index.php?rest_route=\/wp\/v2\/product\/624","targetHints":{"allow":["GET"]}}],"collection":[{"href":"https:\/\/fmthaishop.com\/index.php?rest_route=\/wp\/v2\/product"}],"about":[{"href":"https:\/\/fmthaishop.com\/index.php?rest_route=\/wp\/v2\/types\/product"}],"replies":[{"embeddable":true,"href":"https:\/\/fmthaishop.com\/index.php?rest_route=%2Fwp%2Fv2%2Fcomments&post=624"}],"wp:featuredmedia":[{"embeddable":true,"href":"https:\/\/fmthaishop.com\/index.php?rest_route=\/wp\/v2\/media\/614"}],"wp:attachment":[{"href":"https:\/\/fmthaishop.com\/index.php?rest_route=%2Fwp%2Fv2%2Fmedia&parent=624"}],"wp:term":[{"taxonomy":"product_brand","embeddable":true,"href":"https:\/\/fmthaishop.com\/index.php?rest_route=%2Fwp%2Fv2%2Fproduct_brand&post=624"},{"taxonomy":"product_cat","embeddable":true,"href":"https:\/\/fmthaishop.com\/index.php?rest_route=%2Fwp%2Fv2%2Fproduct_cat&post=624"},{"taxonomy":"product_tag","embeddable":true,"href":"https:\/\/fmthaishop.com\/index.php?rest_route=%2Fwp%2Fv2%2Fproduct_tag&post=624"}],"curies":[{"name":"wp","href":"https:\/\/api.w.org\/{rel}","templated":true}]}}