{"id":625,"date":"2024-01-26T09:42:17","date_gmt":"2024-01-26T09:42:17","guid":{"rendered":"https:\/\/fmthaishop.com\/?post_type=product&#038;p=625"},"modified":"2024-08-17T15:49:07","modified_gmt":"2024-08-17T15:49:07","slug":"pate-curry-panang-panang-curry-paste-400-g%e0%b8%9e%e0%b8%a3%e0%b8%b4%e0%b8%81%e0%b9%81%e0%b8%81%e0%b8%87%e0%b8%9e%e0%b8%b0%e0%b9%81%e0%b8%99%e0%b8%87","status":"publish","type":"product","link":"https:\/\/fmthaishop.com\/?product=pate-curry-panang-panang-curry-paste-400-g%e0%b8%9e%e0%b8%a3%e0%b8%b4%e0%b8%81%e0%b9%81%e0%b8%81%e0%b8%87%e0%b8%9e%e0%b8%b0%e0%b9%81%e0%b8%99%e0%b8%87","title":{"rendered":"P\u00e2te Curry Panang &#8211; Panang Curry Paste (400 g)\u0e1e\u0e23\u0e34\u0e01\u0e41\u0e01\u0e07\u0e1e\u0e30\u0e41\u0e19\u0e07"},"content":{"rendered":"<p>Le curry Panang est originaire de la r\u00e9gion centrale de la Tha\u00eflande. Ce qui conf\u00e8re au panang curry sa saveur unique est un m\u00e9lange puissant de piment rouge, de zeste de citron vert kaffir, de galanga, d\u2019\u00e9pices, d\u2019ail, de p\u00e2te de crevettes et d\u2019arachides grill\u00e9es.La p\u00e2te de curry vert Tha\u00eflandaise s&#8217;appele ainsi en raison de la couleur de la pr\u00e9paration, c&#8217;est un curry un peu plus doux que le curry rouge, on l&#8217;utilise pour de nombreuses pr\u00e9parations, surtout avec du poisson.La p\u00e2te de curry rouge Tha\u00eflandaise.<\/p>\n<p><strong><em>Phanang <\/em><\/strong>\u00a0(Thai \u0e41\u0e01\u0e07\u0e1e\u0e30\u0e41\u0e19\u0e07, pronounced , also spelled <strong><em>phanang<\/em><\/strong>,\u00a0<strong><em>panang<\/em><\/strong>, and other variants) is a type of red\u00a0 Thai curry that is thick, salty and sweet, with a zesty makrut line flavour. The earliest known mention of <em>phanaeng<\/em>\u00a0appears in Mom Somchin Rachanupraphan&#8217;s book\u00a0<em>Tamra Kap Khao<\/em>\u00a0(\u0e15\u0e33\u0e23\u0e32\u0e01\u0e31\u0e1a\u0e02\u0e49\u0e32\u0e27), published in 1890.<\/p>\n<p>A popular\u00a0<em>phanaeng<\/em>\u00a0curry dish is pork\u00a0<em>phanaeng<\/em>. In Thailand, this curry is usually eaten with rice.<\/p>\n<p>The etymology of the word\u00a0<em>phanaeng<\/em> is unknown, but it may derive from the Malay word\u00a8panggang , meaning &#8220;grilled.&#8221;<\/p>\n<p><b>\u0e1e\u0e30\u0e41\u0e19\u0e07<\/b>\u00a0\u0e40\u0e1b\u0e47\u0e19\u0e2d\u0e32\u0e2b\u0e32\u0e23\u0e44\u0e17\u0e22\u0e1b\u0e23\u0e30\u0e40\u0e20\u0e17\u0e41\u0e01\u0e07\u0e02\u0e49\u0e19\u0e17\u0e35\u0e48\u0e40\u0e19\u0e49\u0e19\u0e23\u0e2a\u0e0a\u0e32\u0e15\u0e34\u0e40\u0e04\u0e47\u0e21\u0e41\u0e25\u0e30\u0e2b\u0e27\u0e32\u0e19 \u0e42\u0e14\u0e22\u0e21\u0e35\u0e2a\u0e48\u0e27\u0e19\u0e1c\u0e2a\u0e21\u0e2b\u0e25\u0e31\u0e01\u0e02\u0e2d\u0e07\u0e40\u0e04\u0e23\u0e37\u0e48\u0e2d\u0e07\u0e41\u0e01\u0e07 \u0e04\u0e37\u0e2d \u0e1e\u0e23\u0e34\u0e01 \u0e02\u0e48\u0e32 \u0e15\u0e30\u0e44\u0e04\u0e23\u0e49 \u0e23\u0e32\u0e01\u0e1c\u0e31\u0e01\u0e0a\u0e35 \u0e40\u0e21\u0e25\u0e47\u0e14\u0e1c\u0e31\u0e01\u0e0a\u0e35 \u0e40\u0e21\u0e25\u0e47\u0e14\u0e22\u0e35\u0e48\u0e2b\u0e23\u0e48\u0e32 \u0e01\u0e23\u0e30\u0e40\u0e17\u0e35\u0e22\u0e21 \u0e2d\u0e1a\u0e40\u0e0a\u0e22 \u0e41\u0e25\u0e30\u0e40\u0e01\u0e25\u0e37\u0e2d \u0e43\u0e2a\u0e48\u0e40\u0e19\u0e37\u0e49\u0e2d\u0e2a\u0e31\u0e15\u0e27\u0e4c\u0e44\u0e14\u0e49\u0e17\u0e31\u0e49\u0e07\u0e40\u0e19\u0e37\u0e49\u0e2d\u0e27\u0e31\u0e27 \u0e40\u0e19\u0e37\u0e49\u0e2d\u0e2b\u0e21\u0e39 \u0e40\u0e19\u0e37\u0e49\u0e2d\u0e44\u0e01\u0e48 \u0e41\u0e25\u0e30\u0e2d\u0e37\u0e48\u0e19 \u0e46<i>\u0e1e\u0e30\u0e41\u0e19\u0e07<\/i>\u00a0\u0e1b\u0e23\u0e32\u0e01\u0e0f\u0e04\u0e23\u0e31\u0e49\u0e07\u0e41\u0e23\u0e01\u0e40\u0e17\u0e48\u0e32\u0e17\u0e35\u0e48\u0e1e\u0e1a\u0e44\u0e14\u0e49\u0e43\u0e19\u0e2b\u0e19\u0e31\u0e07\u0e2a\u0e37\u0e2d\u00a0<i>\u0e15\u0e33\u0e23\u0e32\u0e01\u0e31\u0e1a\u0e40\u0e02\u0e49\u0e32<\/i>\u00a0\u0e02\u0e2d\u0e07\u0e2b\u0e21\u0e48\u0e2d\u0e21\u0e0b\u0e48\u0e21\u0e08\u0e35\u0e19 \u0e23\u0e32\u0e0a\u0e32\u0e19\u0e38\u0e1b\u0e23\u0e30\u0e1e\u0e31\u0e19\u0e18\u0e4c\u0e20\u0e23\u0e23\u0e22\u0e32\u0e04\u0e19\u0e2b\u0e19\u0e36\u0e48\u0e07\u0e02\u0e2d\u0e07\u0e1e\u0e23\u0e30\u0e22\u0e32\u0e23\u0e32\u0e0a\u0e32\u0e19\u0e38\u0e1b\u0e23\u0e30\u0e1e\u0e31\u0e19\u0e18\u0e4c (\u0e2a\u0e38\u0e14\u0e43\u0e08 \u0e1a\u0e38\u0e19\u0e19\u0e32\u0e04) \u0e15\u0e35\u0e1e\u0e34\u0e21\u0e1e\u0e4c\u0e40\u0e21\u0e37\u0e48\u0e2d \u0e23.\u0e28. 1890 (\u0e1e.\u0e28. 2433) \u0e43\u0e19\u0e40\u0e27\u0e25\u0e32\u0e19\u0e31\u0e49\u0e19\u0e2a\u0e30\u0e01\u0e14\u0e27\u0e48\u0e32\u00a0<i>\u0e1c\u0e30\u0e41\u0e19\u0e07<\/i>\u00a0\u0e42\u0e14\u0e22\u0e21\u0e35\u0e2d\u0e32\u0e2b\u0e32\u0e23\u0e0a\u0e37\u0e48\u0e2d &#8220;\u0e44\u0e01\u0e48\u0e1c\u0e30\u0e41\u0e19\u0e07&#8221; (\u0e44\u0e01\u0e48\u0e1e\u0e30\u0e41\u0e19\u0e07) \u0e04\u0e37\u0e2d\u0e44\u0e01\u0e48\u0e17\u0e32\u0e1e\u0e23\u0e34\u0e01\u0e02\u0e34\u0e07 (\u0e40\u0e04\u0e23\u0e37\u0e48\u0e2d\u0e07\u0e1e\u0e23\u0e34\u0e01\u0e41\u0e01\u0e07) \u0e17\u0e35\u0e48\u0e1c\u0e2a\u0e21\u0e19\u0e49\u0e33\u0e01\u0e30\u0e17\u0e34 \u0e41\u0e25\u0e49\u0e27\u0e19\u0e33\u0e44\u0e1b\u0e22\u0e48\u0e32\u0e07\u0e44\u0e1f<sup id=\"cite_ref-1\" class=\"reference\"><\/sup><sup id=\"cite_ref-2\" class=\"reference\"><\/sup>\u0e15\u0e48\u0e2d\u0e21\u0e32\u0e01\u0e32\u0e23\u0e17\u0e33\u0e44\u0e01\u0e48\u0e1e\u0e30\u0e41\u0e19\u0e07\u0e41\u0e1a\u0e1a\u0e19\u0e31\u0e49\u0e19\u0e2d\u0e32\u0e08\u0e44\u0e21\u0e48\u0e2a\u0e30\u0e14\u0e27\u0e01\u0e14\u0e49\u0e27\u0e22\u0e1b\u0e23\u0e30\u0e01\u0e32\u0e23\u0e17\u0e31\u0e49\u0e07\u0e1b\u0e27\u0e07\u0e40\u0e1e\u0e23\u0e32\u0e30\u0e15\u0e49\u0e2d\u0e07\u0e01\u0e34\u0e19\u0e40\u0e27\u0e25\u0e32\u0e19\u0e32\u0e19\u0e21\u0e32\u0e01 \u0e08\u0e36\u0e07\u0e44\u0e14\u0e49\u0e22\u0e31\u0e01\u0e22\u0e49\u0e32\u0e22\u0e40\u0e1b\u0e25\u0e35\u0e48\u0e22\u0e19\u0e21\u0e32\u0e40\u0e1b\u0e47\u0e19\u0e40\u0e1b\u0e47\u0e14\u0e2b\u0e23\u0e37\u0e2d\u0e44\u0e01\u0e48\u0e2a\u0e31\u0e1a\u0e0a\u0e34\u0e49\u0e19\u0e42\u0e15 \u0e46 \u0e40\u0e2d\u0e32\u0e25\u0e07\u0e1c\u0e31\u0e14\u0e01\u0e31\u0e1a\u0e40\u0e04\u0e23\u0e37\u0e48\u0e2d\u0e07\u0e41\u0e01\u0e07\u0e41\u0e25\u0e30\u0e01\u0e30\u0e17\u0e34\u0e43\u0e19\u0e01\u0e23\u0e30\u0e17\u0e30\u0e2b\u0e23\u0e37\u0e2d\u0e2b\u0e21\u0e49\u0e2d \u0e01\u0e25\u0e32\u0e22\u0e40\u0e1b\u0e47\u0e19\u0e44\u0e01\u0e48\u0e1e\u0e30\u0e41\u0e19\u0e07\u0e2b\u0e23\u0e37\u0e2d\u0e40\u0e1b\u0e47\u0e14\u0e1e\u0e30\u0e41\u0e19\u0e07\u0e2d\u0e22\u0e48\u0e32\u0e07\u0e17\u0e35\u0e48\u0e23\u0e39\u0e49\u0e08\u0e31\u0e01\u0e01\u0e31\u0e19\u0e2d\u0e22\u0e39\u0e48\u0e43\u0e19\u0e1b\u0e31\u0e08\u0e08\u0e38\u0e1a\u0e31\u0e19<sup id=\"cite_ref-3\" class=\"reference\"><\/sup>\u0e17\u0e35\u0e48\u0e21\u0e32\u0e02\u0e2d\u0e07\u0e0a\u0e37\u0e48\u0e2d\u00a0<i>\u0e1e\u0e30\u0e41\u0e19\u0e07<\/i>\u00a0\u0e2b\u0e23\u0e37\u0e2d\u00a0<i>\u0e1c\u0e30\u0e41\u0e19\u0e07<\/i>\u00a0\u0e44\u0e21\u0e48\u0e40\u0e1b\u0e47\u0e19\u0e17\u0e35\u0e48\u0e17\u0e23\u0e32\u0e1a\u0e41\u0e19\u0e48\u0e0a\u0e31\u0e14 \u0e41\u0e15\u0e48\u0e43\u0e19\u0e20\u0e32\u0e29\u0e32\u0e21\u0e25\u0e32\u0e22\u0e39\u0e21\u0e35\u0e04\u0e33\u0e27\u0e48\u0e32\u00a0<span title=\"\u0e02\u0e49\u0e2d\u0e04\u0e27\u0e32\u0e21\u0e20\u0e32\u0e29\u0e32\u0e21\u0e25\u0e32\u0e22\u0e39 (\u0e21\u0e2b\u0e20\u0e32\u0e29\u0e32)\"><i lang=\"ms\">panggang<\/i><\/span>\u00a0\u0e41\u0e1b\u0e25\u0e27\u0e48\u0e32 &#8220;\u0e22\u0e48\u0e32\u0e07&#8221; \u0e0b\u0e36\u0e48\u0e07\u0e2d\u0e32\u0e08\u0e2a\u0e37\u0e48\u0e2d\u0e04\u0e27\u0e32\u0e21\u0e2b\u0e21\u0e32\u0e22\u0e16\u0e36\u0e07\u0e44\u0e01\u0e48\u0e22\u0e48\u0e32\u0e07\u0e43\u0e19\u0e02\u0e49\u0e2d\u0e04\u0e27\u0e32\u0e21\u0e02\u0e49\u0e32\u0e07\u0e15\u0e49\u0e19<\/p>\n","protected":false},"excerpt":{"rendered":"<p id=\"title\" class=\"a-size-large a-spacing-none\"><span id=\"productTitle\" class=\"a-size-large product-title-word-break\">Cock &#8211; P\u00e2te de curry Panang &#8211;<em>Panang Curry Paste \u0e1e\u0e23\u0e34\u0e01\u0e41\u0e01\u0e07\u0e1e\u0e30\u0e41\u0e19\u0e07<\/em><\/span><\/p>\n","protected":false},"featured_media":612,"comment_status":"open","ping_status":"closed","template":"","meta":{"om_disable_all_campaigns":false,"_monsterinsights_skip_tracking":false,"_monsterinsights_sitenote_active":false,"_monsterinsights_sitenote_note":"","_monsterinsights_sitenote_category":0,"_kadence_starter_templates_imported_post":false},"product_brand":[],"product_cat":[306,45],"product_tag":[108,55,56,100,101,104,64,106,92,94,109,154],"class_list":{"0":"post-625","1":"product","2":"type-product","3":"status-publish","4":"has-post-thumbnail","6":"product_cat-aides-a-la-preparation","7":"product_cat-epicerie-epicery","8":"product_tag-epicerie-asiatique","9":"product_tag-fm-thai-shop","10":"product_tag-fmthaishop","11":"product_tag-paneng-curry","12":"product_tag-pate-de-curry","13":"product_tag-pate-de-curry-paneng","14":"product_tag-produit-thai","15":"product_tag-produits-thailandais","16":"product_tag-produits-thailandais-en-ligne","17":"product_tag-thai-shop","18":"product_tag-thaiproductsinparis","19":"product_tag-thaishop","21":"first","22":"instock","23":"purchasable","24":"product-type-simple"},"aioseo_notices":[],"_links":{"self":[{"href":"https:\/\/fmthaishop.com\/index.php?rest_route=\/wp\/v2\/product\/625","targetHints":{"allow":["GET"]}}],"collection":[{"href":"https:\/\/fmthaishop.com\/index.php?rest_route=\/wp\/v2\/product"}],"about":[{"href":"https:\/\/fmthaishop.com\/index.php?rest_route=\/wp\/v2\/types\/product"}],"replies":[{"embeddable":true,"href":"https:\/\/fmthaishop.com\/index.php?rest_route=%2Fwp%2Fv2%2Fcomments&post=625"}],"wp:featuredmedia":[{"embeddable":true,"href":"https:\/\/fmthaishop.com\/index.php?rest_route=\/wp\/v2\/media\/612"}],"wp:attachment":[{"href":"https:\/\/fmthaishop.com\/index.php?rest_route=%2Fwp%2Fv2%2Fmedia&parent=625"}],"wp:term":[{"taxonomy":"product_brand","embeddable":true,"href":"https:\/\/fmthaishop.com\/index.php?rest_route=%2Fwp%2Fv2%2Fproduct_brand&post=625"},{"taxonomy":"product_cat","embeddable":true,"href":"https:\/\/fmthaishop.com\/index.php?rest_route=%2Fwp%2Fv2%2Fproduct_cat&post=625"},{"taxonomy":"product_tag","embeddable":true,"href":"https:\/\/fmthaishop.com\/index.php?rest_route=%2Fwp%2Fv2%2Fproduct_tag&post=625"}],"curies":[{"name":"wp","href":"https:\/\/api.w.org\/{rel}","templated":true}]}}