{"id":6254,"date":"2025-08-25T19:36:04","date_gmt":"2025-08-25T19:36:04","guid":{"rendered":"https:\/\/fmthaishop.com\/?post_type=product&#038;p=6254"},"modified":"2026-01-11T10:36:22","modified_gmt":"2026-01-11T10:36:22","slug":"namman-muay","status":"publish","type":"product","link":"https:\/\/fmthaishop.com\/?product=namman-muay","title":{"rendered":"Namman Muay"},"content":{"rendered":"<h4>D\u00e9bloquez vos performances avec l&#8217;huile de massage Namman Muay<\/h4>\n<p>L&#8217;huile de massage Namman Muay est la solution id\u00e9ale pour les combattants et athl\u00e8tes professionnels en qu\u00eate d&#8217;un soulagement musculaire rapide et efficace. Sp\u00e9cialement con\u00e7ue pour les sports de combat, cette huile haute performance procure une sensation de chaleur qui favorise une r\u00e9cup\u00e9ration plus rapide, une meilleure souplesse et une r\u00e9duction des raideurs musculaires. Que vous vous \u00e9chauffiez avant l&#8217;entra\u00eenement ou que vous vous d\u00e9tendiez apr\u00e8s l&#8217;effort, Namman Muay vous garantit des performances optimales.<\/p>\n<h4>Pourquoi choisir l&#8217;huile de massage Namman Muay ?<\/h4>\n<p>Formul\u00e9e par des professionnels, Namman Muay est r\u00e9put\u00e9e pour ses puissantes propri\u00e9t\u00e9s qui r\u00e9pondent aux exigences d&#8217;un entra\u00eenement physique rigoureux. Son m\u00e9lange unique d&#8217;ingr\u00e9dients naturels diffuse une chaleur cibl\u00e9e pour d\u00e9tendre et pr\u00e9parer les muscles au mouvement, r\u00e9duisant ainsi les risques de blessures et am\u00e9liorant l&#8217;endurance. Les combattants font confiance \u00e0 Namman Muay pour les aider \u00e0 s&#8217;entra\u00eener plus intens\u00e9ment et \u00e0 \u00eatre plus performants, ce qui en fait un \u00e9l\u00e9ment essentiel de leur programme.<\/p>\n<h4>Id\u00e9al pour les athl\u00e8tes, parfait pour un usage quotidien<\/h4>\n<p>Namman Muay n&#8217;est pas r\u00e9serv\u00e9 aux combattants ; il est parfait pour les athl\u00e8tes de toutes disciplines ou pour toute personne cherchant \u00e0 soulager ses douleurs musculaires. Utilisez-la avant l&#8217;entra\u00eenement pour \u00e9chauffer vos muscles ou apr\u00e8s une activit\u00e9 intense pour apaiser les douleurs et acc\u00e9l\u00e9rer la r\u00e9cup\u00e9ration. Sa formule \u00e0 absorption rapide et non grasse garantit praticit\u00e9 et efficacit\u00e9, quel que soit votre sport ou votre mode de vie.<\/p>\n<p>Profitez d&#8217;un entra\u00eenement intensif avec l&#8217;huile de massage Namman Muay, reconnue par les professionnels et appr\u00e9ci\u00e9e des athl\u00e8tes. D\u00e9couvrez la diff\u00e9rence d\u00e8s aujourd&#8217;hui !<\/p>\n","protected":false},"excerpt":{"rendered":"<p>L&#8217;huile de massage Namman Muay est la solution id\u00e9ale pour les combattants et athl\u00e8tes professionnels en qu\u00eate d&#8217;un soulagement musculaire rapide et efficace. Sp\u00e9cialement con\u00e7ue pour les sports de combat, cette huile haute performance procure une sensation de chaleur qui favorise une r\u00e9cup\u00e9ration plus rapide, une meilleure souplesse et une r\u00e9duction des raideurs musculaires. Que vous vous \u00e9chauffiez avant l&#8217;entra\u00eenement ou que vous vous d\u00e9tendiez apr\u00e8s l&#8217;effort, Namman Muay vous garantit des performances optimales.<\/p>\n","protected":false},"featured_media":6262,"comment_status":"closed","ping_status":"closed","template":"","meta":{"om_disable_all_campaigns":false,"_monsterinsights_skip_tracking":false,"_monsterinsights_sitenote_active":false,"_monsterinsights_sitenote_note":"","_monsterinsights_sitenote_category":0,"_kadence_starter_templates_imported_post":false},"product_brand":[],"product_cat":[43],"product_tag":[95,347,265,331,55,56,328,364,57,68,250,106,67,94,197],"class_list":{"0":"post-6254","1":"product","2":"type-product","3":"status-publish","4":"has-post-thumbnail","6":"product_cat-sante-et-bien-etre","7":"product_tag-asia-marche","8":"product_tag-boutique-thailandaise-en-ligne","9":"product_tag-epicerie","10":"product_tag-epiceriethaienligne","11":"product_tag-fm-thai-shop","12":"product_tag-fmthaishop","13":"product_tag-meilleursproduitsthailandaisenligne","14":"product_tag-namman-muay","15":"product_tag-paris","16":"product_tag-paris-france","17":"product_tag-produits-thai","18":"product_tag-produits-thailandais","19":"product_tag-thai-products-in-paris","20":"product_tag-thai-shop","21":"product_tag-thaishopinparis","23":"first","24":"outofstock","25":"purchasable","26":"product-type-simple"},"aioseo_notices":[],"_links":{"self":[{"href":"https:\/\/fmthaishop.com\/index.php?rest_route=\/wp\/v2\/product\/6254","targetHints":{"allow":["GET"]}}],"collection":[{"href":"https:\/\/fmthaishop.com\/index.php?rest_route=\/wp\/v2\/product"}],"about":[{"href":"https:\/\/fmthaishop.com\/index.php?rest_route=\/wp\/v2\/types\/product"}],"replies":[{"embeddable":true,"href":"https:\/\/fmthaishop.com\/index.php?rest_route=%2Fwp%2Fv2%2Fcomments&post=6254"}],"wp:featuredmedia":[{"embeddable":true,"href":"https:\/\/fmthaishop.com\/index.php?rest_route=\/wp\/v2\/media\/6262"}],"wp:attachment":[{"href":"https:\/\/fmthaishop.com\/index.php?rest_route=%2Fwp%2Fv2%2Fmedia&parent=6254"}],"wp:term":[{"taxonomy":"product_brand","embeddable":true,"href":"https:\/\/fmthaishop.com\/index.php?rest_route=%2Fwp%2Fv2%2Fproduct_brand&post=6254"},{"taxonomy":"product_cat","embeddable":true,"href":"https:\/\/fmthaishop.com\/index.php?rest_route=%2Fwp%2Fv2%2Fproduct_cat&post=6254"},{"taxonomy":"product_tag","embeddable":true,"href":"https:\/\/fmthaishop.com\/index.php?rest_route=%2Fwp%2Fv2%2Fproduct_tag&post=6254"}],"curies":[{"name":"wp","href":"https:\/\/api.w.org\/{rel}","templated":true}]}}