{"id":6286,"date":"2025-10-12T08:47:07","date_gmt":"2025-10-12T08:47:07","guid":{"rendered":"https:\/\/fmthaishop.com\/?post_type=product&#038;p=6286"},"modified":"2026-04-15T20:08:32","modified_gmt":"2026-04-15T20:08:32","slug":"cahier-decriture-thai","status":"publish","type":"product","link":"https:\/\/fmthaishop.com\/?product=cahier-decriture-thai","title":{"rendered":"Cahier d&#8217;\u00e9criture tha\u00ef"},"content":{"rendered":"<h2>Un outil parfait pour d\u00e9couvrir l&#8217;\u00e9criture tha\u00eflandaise<\/h2>\n<p>Le Cahier d&#8217;\u00e9criture tha\u00ef est con\u00e7u pour permettre aux d\u00e9butants, comme aux apprenants avanc\u00e9s, de ma\u00eetriser l&#8217;art subtil de l&#8217;\u00e9criture tha\u00eflandaise. Ce cahier est bien plus qu&#8217;un simple carnet \u2014 c&#8217;est une immersion culturelle qui vous aide \u00e0 comprendre les formes uniques des caract\u00e8res tha\u00eflandais, tout en renfor\u00e7ant votre capacit\u00e9 \u00e0 \u00e9crire en toute confiance.<\/p>\n<h2>Qualit\u00e9 et conception pens\u00e9es pour l&#8217;apprentissage<\/h2>\n<p>Ce cahier est m\u00e9ticuleusement structur\u00e9 avec des sections d\u00e9di\u00e9es aux bases de l&#8217;alphabet tha\u00ef, des exercices pratiques pour am\u00e9liorer vos comp\u00e9tences, et des mod\u00e8les de lettres pour vous guider \u00e9tape par \u00e9tape. Fabriqu\u00e9 avec du papier de haute qualit\u00e9 et une mise en page claire, vous pouvez \u00e9crire sans crainte de bavures ou d\u2019encre qui traverse les pages. Chaque d\u00e9tail a \u00e9t\u00e9 r\u00e9fl\u00e9chi pour rendre votre apprentissage agr\u00e9able et productif.<\/p>\n<h2>Pourquoi choisir le Cahier d&#8217;\u00e9criture tha\u00ef ?<\/h2>\n<p>Que vous souhaitiez apprendre le tha\u00ef pour voyager, pour votre carri\u00e8re, ou simplement pour le plaisir, ce cahier est l\u2019outil indispensable pour commencer. Il inclut des astuces sur la mani\u00e8re de tracer chaque caract\u00e8re, et des exercices progressifs qui respectent votre rythme d&#8217;apprentissage. En int\u00e9grant ce cahier \u00e0 votre routine d&#8217;\u00e9tude, vous posez les bases solides pour lire et \u00e9crire le tha\u00ef sans difficult\u00e9. En outre, il constitue une excellente ressource pour mieux comprendre la richesse culturelle de la Tha\u00eflande.<\/p>\n","protected":false},"excerpt":{"rendered":"<p>Le Cahier d&#8217;\u00e9criture tha\u00ef est con\u00e7u pour permettre aux d\u00e9butants, comme aux apprenants avanc\u00e9s, de ma\u00eetriser l&#8217;art subtil de l&#8217;\u00e9criture tha\u00eflandaise. Ce cahier est bien plus qu&#8217;un simple carnet \u2014 c&#8217;est une immersion culturelle qui vous aide \u00e0 comprendre les formes uniques des caract\u00e8res tha\u00eflandais, tout en renfor\u00e7ant votre capacit\u00e9 \u00e0 \u00e9crire en toute confiance.<\/p>\n","protected":false},"featured_media":6287,"comment_status":"closed","ping_status":"closed","template":"","meta":{"om_disable_all_campaigns":false,"_monsterinsights_skip_tracking":false,"_monsterinsights_sitenote_active":false,"_monsterinsights_sitenote_note":"","_monsterinsights_sitenote_category":0,"_kadence_starter_templates_imported_post":false},"product_brand":[],"product_cat":[365],"product_tag":[368,347,366,367,369,55,56,58,328,57,68,250,106,92,63,67],"class_list":{"0":"post-6286","1":"product","2":"type-product","3":"status-publish","4":"has-post-thumbnail","6":"product_cat-education","7":"product_tag-alphabet-thai","8":"product_tag-boutique-thailandaise-en-ligne","9":"product_tag-cahier","10":"product_tag-cahier-decriture-thai","11":"product_tag-ecrire-lalphabet-thai","12":"product_tag-fm-thai-shop","13":"product_tag-fmthaishop","14":"product_tag-france","15":"product_tag-meilleursproduitsthailandaisenligne","16":"product_tag-paris","17":"product_tag-paris-france","18":"product_tag-produits-thai","19":"product_tag-produits-thailandais","20":"product_tag-produits-thailandais-en-ligne","21":"product_tag-thai-product","22":"product_tag-thai-products-in-paris","24":"first","25":"instock","26":"purchasable","27":"product-type-simple"},"aioseo_notices":[],"_links":{"self":[{"href":"https:\/\/fmthaishop.com\/index.php?rest_route=\/wp\/v2\/product\/6286","targetHints":{"allow":["GET"]}}],"collection":[{"href":"https:\/\/fmthaishop.com\/index.php?rest_route=\/wp\/v2\/product"}],"about":[{"href":"https:\/\/fmthaishop.com\/index.php?rest_route=\/wp\/v2\/types\/product"}],"replies":[{"embeddable":true,"href":"https:\/\/fmthaishop.com\/index.php?rest_route=%2Fwp%2Fv2%2Fcomments&post=6286"}],"wp:featuredmedia":[{"embeddable":true,"href":"https:\/\/fmthaishop.com\/index.php?rest_route=\/wp\/v2\/media\/6287"}],"wp:attachment":[{"href":"https:\/\/fmthaishop.com\/index.php?rest_route=%2Fwp%2Fv2%2Fmedia&parent=6286"}],"wp:term":[{"taxonomy":"product_brand","embeddable":true,"href":"https:\/\/fmthaishop.com\/index.php?rest_route=%2Fwp%2Fv2%2Fproduct_brand&post=6286"},{"taxonomy":"product_cat","embeddable":true,"href":"https:\/\/fmthaishop.com\/index.php?rest_route=%2Fwp%2Fv2%2Fproduct_cat&post=6286"},{"taxonomy":"product_tag","embeddable":true,"href":"https:\/\/fmthaishop.com\/index.php?rest_route=%2Fwp%2Fv2%2Fproduct_tag&post=6286"}],"curies":[{"name":"wp","href":"https:\/\/api.w.org\/{rel}","templated":true}]}}