{"id":6289,"date":"2025-10-12T09:09:12","date_gmt":"2025-10-12T09:09:12","guid":{"rendered":"https:\/\/fmthaishop.com\/?post_type=product&#038;p=6289"},"modified":"2025-10-12T09:09:13","modified_gmt":"2025-10-12T09:09:13","slug":"poster-alphabet-thai","status":"publish","type":"product","link":"https:\/\/fmthaishop.com\/?product=poster-alphabet-thai","title":{"rendered":"Poster Alphabet Tha\u00ef"},"content":{"rendered":"<h3 id=\"tw-target-text\" class=\"tw-data-text tw-text-large tw-ta\" dir=\"ltr\" tabindex=\"-1\" role=\"text\" data-placeholder=\"Translation\" aria-label=\"Translated text: D\u00e9couvrez l'\u00e9l\u00e9gance de l'alphabet tha\u00ef\n\nIntroduisez une touche de sophistication culturelle dans votre espace gr\u00e2ce \u00e0 notre affiche \u00ab\u00a0Affiche Alphabet Tha\u00ef\u00a0\u00bb au design raffin\u00e9. Id\u00e9ale pour les linguistes, les passionn\u00e9s de culture ou toute personne souhaitant s'impr\u00e9gner des nuances de l'\u00e9criture tha\u00efe, cette affiche allie \u00e0 la perfection fonctionnalit\u00e9 et attrait artistique. Que vous appreniez le tha\u00ef ou que vous admiriez simplement ses caract\u00e8res distinctifs, cette affiche est \u00e0 la fois un outil p\u00e9dagogique et un \u00e9l\u00e9ment d\u00e9coratif pour votre maison, votre bureau ou votre studio d'apprentissage.\" data-ved=\"2ahUKEwjZ29TEo56QAxX9APsDHWG3J-wQ3ewLegQIChAV\">Apprendre l&#8217;alphabet Tha\u00ef de mani\u00e8re ludique<\/h3>\n<p>Destin\u00e9 en premier lieu pour les enfants mais aussi pour tous les linguistes ou les passionn\u00e9s de la culture tha\u00eflandaise, ce poster permet d&#8217;apr\u00e9hender de mani\u00e8re ludique toutes les nuances de l&#8217;alphabet tha\u00ef, tout en \u00e9tant un \u00e9l\u00e9ment d\u00e9coratif dans votre maison, votre bureau, ou votre salle de classe.<\/p>\n<p>3 langues figurent sous chaque lettre: tha\u00ef, anglais et chinois.<\/p>\n<p>&nbsp;<\/p>\n","protected":false},"excerpt":{"rendered":"<h3 id=\"tw-target-text\" class=\"tw-data-text tw-text-large tw-ta\" dir=\"ltr\" tabindex=\"-1\" role=\"text\" data-placeholder=\"Translation\" aria-label=\"Translated text: D\u00e9couvrez l'\u00e9l\u00e9gance de l'alphabet tha\u00ef\n\nIntroduisez une touche de sophistication culturelle dans votre espace gr\u00e2ce \u00e0 notre affiche \u00ab\u00a0Affiche Alphabet Tha\u00ef\u00a0\u00bb au design raffin\u00e9. Id\u00e9ale pour les linguistes, les passionn\u00e9s de culture ou toute personne souhaitant s'impr\u00e9gner des nuances de l'\u00e9criture tha\u00efe, cette affiche allie \u00e0 la perfection fonctionnalit\u00e9 et attrait artistique. Que vous appreniez le tha\u00ef ou que vous admiriez simplement ses caract\u00e8res distinctifs, cette affiche est \u00e0 la fois un outil p\u00e9dagogique et un \u00e9l\u00e9ment d\u00e9coratif pour votre maison, votre bureau ou votre studio d'apprentissage.\" data-ved=\"2ahUKEwjZ29TEo56QAxX9APsDHWG3J-wQ3ewLegQIChAV\">Apprendre l&#8217;alphabet Tha\u00ef de mani\u00e8re ludique<\/h3>\n<p>Destin\u00e9 en premier lieu pour les enfants mais aussi pour tous les linguistes ou les passionn\u00e9s de la culture tha\u00eflandaise<\/p>\n","protected":false},"featured_media":6288,"comment_status":"closed","ping_status":"closed","template":"","meta":{"om_disable_all_campaigns":false,"_monsterinsights_skip_tracking":false,"_monsterinsights_sitenote_active":false,"_monsterinsights_sitenote_note":"","_monsterinsights_sitenote_category":0,"_kadence_starter_templates_imported_post":false},"product_brand":[],"product_cat":[365],"product_tag":[368,73,347,369,55,56,328,371,370,106,92,59,197],"class_list":{"0":"post-6289","1":"product","2":"type-product","3":"status-publish","4":"has-post-thumbnail","6":"product_cat-education","7":"product_tag-alphabet-thai","8":"product_tag-bangkok","9":"product_tag-boutique-thailandaise-en-ligne","10":"product_tag-ecrire-lalphabet-thai","11":"product_tag-fm-thai-shop","12":"product_tag-fmthaishop","13":"product_tag-meilleursproduitsthailandaisenligne","14":"product_tag-poster","15":"product_tag-poster-alphabet-thai","16":"product_tag-produits-thailandais","17":"product_tag-produits-thailandais-en-ligne","18":"product_tag-thai-procucts-in-paris","19":"product_tag-thaishopinparis","21":"first","22":"instock","23":"purchasable","24":"product-type-simple"},"aioseo_notices":[],"_links":{"self":[{"href":"https:\/\/fmthaishop.com\/index.php?rest_route=\/wp\/v2\/product\/6289","targetHints":{"allow":["GET"]}}],"collection":[{"href":"https:\/\/fmthaishop.com\/index.php?rest_route=\/wp\/v2\/product"}],"about":[{"href":"https:\/\/fmthaishop.com\/index.php?rest_route=\/wp\/v2\/types\/product"}],"replies":[{"embeddable":true,"href":"https:\/\/fmthaishop.com\/index.php?rest_route=%2Fwp%2Fv2%2Fcomments&post=6289"}],"wp:featuredmedia":[{"embeddable":true,"href":"https:\/\/fmthaishop.com\/index.php?rest_route=\/wp\/v2\/media\/6288"}],"wp:attachment":[{"href":"https:\/\/fmthaishop.com\/index.php?rest_route=%2Fwp%2Fv2%2Fmedia&parent=6289"}],"wp:term":[{"taxonomy":"product_brand","embeddable":true,"href":"https:\/\/fmthaishop.com\/index.php?rest_route=%2Fwp%2Fv2%2Fproduct_brand&post=6289"},{"taxonomy":"product_cat","embeddable":true,"href":"https:\/\/fmthaishop.com\/index.php?rest_route=%2Fwp%2Fv2%2Fproduct_cat&post=6289"},{"taxonomy":"product_tag","embeddable":true,"href":"https:\/\/fmthaishop.com\/index.php?rest_route=%2Fwp%2Fv2%2Fproduct_tag&post=6289"}],"curies":[{"name":"wp","href":"https:\/\/api.w.org\/{rel}","templated":true}]}}