{"id":672,"date":"2024-01-29T15:10:44","date_gmt":"2024-01-29T15:10:44","guid":{"rendered":"https:\/\/fmthaishop.com\/?post_type=product&#038;p=672"},"modified":"2024-08-17T15:47:39","modified_gmt":"2024-08-17T15:47:39","slug":"pate-de-curry-vert-green-curry-paste-%e0%b8%9e%e0%b8%a3%e0%b8%b4%e0%b8%81%e0%b9%81%e0%b8%81%e0%b8%87%e0%b9%80%e0%b8%82%e0%b8%b5%e0%b8%a2%e0%b8%a7%e0%b8%ab%e0%b8%a7%e0%b8%b2%e0%b8%99-%e0%b9%81","status":"publish","type":"product","link":"https:\/\/fmthaishop.com\/?product=pate-de-curry-vert-green-curry-paste-%e0%b8%9e%e0%b8%a3%e0%b8%b4%e0%b8%81%e0%b9%81%e0%b8%81%e0%b8%87%e0%b9%80%e0%b8%82%e0%b8%b5%e0%b8%a2%e0%b8%a7%e0%b8%ab%e0%b8%a7%e0%b8%b2%e0%b8%99-%e0%b9%81","title":{"rendered":"P\u00e2te de Curry Vert &#8211; Green Curry Paste &#8211; \u0e1e\u0e23\u0e34\u0e01\u0e41\u0e01\u0e07\u0e40\u0e02\u0e35\u0e22\u0e27\u0e2b\u0e27\u0e32\u0e19"},"content":{"rendered":"<p>La p\u00e2te de curry vert Tha\u00eflandaise s&#8217;appele ainsi en raison de la couleur de la pr\u00e9paration, c&#8217;est un curry un peu plus doux que le curry rouge, on l&#8217;utilise pour de nombreuses pr\u00e9parations, surtout avec du poisson.<\/p>\n<p><strong>Green curry \u00a0is a\u00a0central Thai\u00a0variety of\u00a0curry.<\/strong><\/p>\n<p>\u0e41\u0e01\u0e07\u0e40\u0e02\u0e35\u0e22\u0e27\u0e2b\u0e27\u0e32\u0e19\u00a0\u0e40\u0e1b\u0e47\u0e19\u0e2d\u0e32\u0e2b\u0e32\u0e23\u0e44\u0e17\u0e22\u0e1b\u0e23\u0e30\u0e40\u0e20\u0e17\u0e41\u0e01\u0e07\u00a0\u0e1b\u0e23\u0e30\u0e01\u0e2d\u0e1a\u0e14\u0e49\u0e27\u0e22\u0e40\u0e19\u0e37\u0e49\u0e2d \u0e1b\u0e25\u0e32 \u0e44\u0e01\u0e48 \u0e2b\u0e23\u0e37\u0e2d\u0e2b\u0e21\u0e39 \u0e41\u0e25\u0e30\u0e1c\u0e31\u0e01 \u0e1b\u0e23\u0e38\u0e07\u0e23\u0e2a\u0e14\u0e49\u0e27\u0e22\u0e01\u0e30\u0e17\u0e34\u00a0\u0e21\u0e30\u0e40\u0e02\u0e37\u0e2d\u00a0\u0e19\u0e49\u0e33\u0e15\u0e32\u0e25\u00a0\u0e19\u0e49\u0e33\u0e1b\u0e25\u0e32\u00a0\u0e43\u0e1a\u0e21\u0e30\u0e01\u0e23\u0e39\u0e14\u00a0\u0e41\u0e25\u0e30\u0e43\u0e1a\u0e42\u0e2b\u0e23\u0e30\u0e1e\u0e32\u00a0\u0e19\u0e34\u0e22\u0e21\u0e23\u0e31\u0e1a\u0e1b\u0e23\u0e30\u0e17\u0e32\u0e19\u0e01\u0e31\u0e1a\u0e02\u0e49\u0e32\u0e27\u0e2a\u0e27\u0e22\u0e2b\u0e23\u0e37\u0e2d\u0e02\u0e19\u0e21\u0e08\u0e35\u0e19\u0e19\u0e49\u0e33\u0e1e\u0e23\u0e34\u0e01\u0e41\u0e01\u0e07\u0e21\u0e35\u0e2a\u0e35\u0e40\u0e02\u0e35\u0e22\u0e27\u0e40\u0e1e\u0e23\u0e32\u0e30\u0e43\u0e0a\u0e49\u0e1e\u0e23\u0e34\u0e01\u0e02\u0e35\u0e49\u0e2b\u0e19\u0e39\u0e2a\u0e14\u0e2a\u0e35\u0e40\u0e02\u0e35\u0e22\u0e27 \u0e1a\u0e32\u0e07\u0e17\u0e49\u0e2d\u0e07\u0e17\u0e35\u0e48\u0e43\u0e2a\u0e48\u0e43\u0e1a\u0e1e\u0e23\u0e34\u0e01\u0e25\u0e07\u0e44\u0e1b\u0e15\u0e33\u0e14\u0e49\u0e27\u0e22 \u0e43\u0e19\u0e1b\u0e23\u0e30\u0e40\u0e17\u0e28\u0e01\u0e31\u0e21\u0e1e\u0e39\u0e0a\u0e32\u0e21\u0e35\u0e01\u0e32\u0e23\u0e23\u0e31\u0e1a\u0e41\u0e01\u0e07\u0e40\u0e02\u0e35\u0e22\u0e27\u0e2b\u0e27\u0e32\u0e19\u0e44\u0e1b \u0e40\u0e23\u0e35\u0e22\u0e01\u0e27\u0e48\u0e32\u00a0\u0e0b\u0e47\u0e2d\u0e21\u0e25\u0e2d\u0e01\u0e30\u0e15\u0e34\u00a0\u0e42\u0e14\u0e22\u0e21\u0e35\u0e25\u0e31\u0e01\u0e29\u0e13\u0e30\u0e40\u0e1b\u0e47\u0e19\u0e19\u0e49\u0e33\u0e01\u0e30\u0e17\u0e34\u0e43\u0e2a<\/p>\n<p>&nbsp;<\/p>\n","protected":false},"excerpt":{"rendered":"<p>La p\u00e2te de curry vert Tha\u00eflandaise s&#8217;appele ainsi en raison de la couleur de la pr\u00e9paration, c&#8217;est un curry un peu plus doux que le curry rouge, on l&#8217;utilise pour de nombreuses pr\u00e9parations, surtout avec du poisson.<\/p>\n<p><strong>Green curry \u00a0is a\u00a0central Thai\u00a0variety of\u00a0curry.<\/strong><\/p>\n<p>\u0e41\u0e01\u0e07\u0e40\u0e02\u0e35\u0e22\u0e27\u0e2b\u0e27\u0e32\u0e19\u00a0\u0e40\u0e1b\u0e47\u0e19\u0e2d\u0e32\u0e2b\u0e32\u0e23\u0e44\u0e17\u0e22\u0e1b\u0e23\u0e30\u0e40\u0e20\u0e17\u0e41\u0e01\u0e07\u00a0\u0e1b\u0e23\u0e30\u0e01\u0e2d\u0e1a\u0e14\u0e49\u0e27\u0e22\u0e40\u0e19\u0e37\u0e49\u0e2d \u0e1b\u0e25\u0e32 \u0e44\u0e01\u0e48 \u0e2b\u0e23\u0e37\u0e2d\u0e2b\u0e21\u0e39 \u0e41\u0e25\u0e30\u0e1c\u0e31\u0e01 \u0e1b\u0e23\u0e38\u0e07\u0e23\u0e2a\u0e14\u0e49\u0e27\u0e22\u0e01\u0e30\u0e17\u0e34\u00a0\u0e21\u0e30\u0e40\u0e02\u0e37\u0e2d\u00a0\u0e19\u0e49\u0e33\u0e15\u0e32\u0e25\u00a0\u0e19\u0e49\u0e33\u0e1b\u0e25\u0e32\u00a0\u0e43\u0e1a\u0e21\u0e30\u0e01\u0e23\u0e39\u0e14\u00a0\u0e41\u0e25\u0e30\u0e43\u0e1a\u0e42\u0e2b\u0e23\u0e30\u0e1e\u0e32\u00a0\u0e19\u0e34\u0e22\u0e21\u0e23\u0e31\u0e1a\u0e1b\u0e23\u0e30\u0e17\u0e32\u0e19\u0e01\u0e31\u0e1a\u0e02\u0e49\u0e32\u0e27\u0e2a\u0e27\u0e22\u0e2b\u0e23\u0e37\u0e2d\u0e02\u0e19\u0e21\u0e08\u0e35\u0e19\u0e19\u0e49\u0e33\u0e1e\u0e23\u0e34\u0e01\u0e41\u0e01\u0e07\u0e21\u0e35\u0e2a\u0e35\u0e40\u0e02\u0e35\u0e22\u0e27\u0e40\u0e1e\u0e23\u0e32\u0e30\u0e43\u0e0a\u0e49\u0e1e\u0e23\u0e34\u0e01\u0e02\u0e35\u0e49\u0e2b\u0e19\u0e39\u0e2a\u0e14\u0e2a\u0e35\u0e40\u0e02\u0e35\u0e22\u0e27 \u0e1a\u0e32\u0e07\u0e17\u0e49\u0e2d\u0e07\u0e17\u0e35\u0e48\u0e43\u0e2a\u0e48\u0e43\u0e1a\u0e1e\u0e23\u0e34\u0e01\u0e25\u0e07\u0e44\u0e1b\u0e15\u0e33\u0e14\u0e49\u0e27\u0e22 \u0e43\u0e19\u0e1b\u0e23\u0e30\u0e40\u0e17\u0e28\u0e01\u0e31\u0e21\u0e1e\u0e39\u0e0a\u0e32\u0e21\u0e35\u0e01\u0e32\u0e23\u0e23\u0e31\u0e1a\u0e41\u0e01\u0e07\u0e40\u0e02\u0e35\u0e22\u0e27\u0e2b\u0e27\u0e32\u0e19\u0e44\u0e1b \u0e40\u0e23\u0e35\u0e22\u0e01\u0e27\u0e48\u0e32\u00a0\u0e0b\u0e47\u0e2d\u0e21\u0e25\u0e2d\u0e01\u0e30\u0e15\u0e34\u00a0\u0e42\u0e14\u0e22\u0e21\u0e35\u0e25\u0e31\u0e01\u0e29\u0e13\u0e30\u0e40\u0e1b\u0e47\u0e19\u0e19\u0e49\u0e33\u0e01\u0e30\u0e17\u0e34\u0e43\u0e2a<\/p>\n<p>&nbsp;<\/p>\n","protected":false},"featured_media":673,"comment_status":"open","ping_status":"closed","template":"","meta":{"om_disable_all_campaigns":false,"_monsterinsights_skip_tracking":false,"_monsterinsights_sitenote_active":false,"_monsterinsights_sitenote_note":"","_monsterinsights_sitenote_category":0,"_kadence_starter_templates_imported_post":false},"product_brand":[],"product_cat":[306,45],"product_tag":[108,99,103,106,92,94,107,154,159,160],"class_list":{"0":"post-672","1":"product","2":"type-product","3":"status-publish","4":"has-post-thumbnail","6":"product_cat-aides-a-la-preparation","7":"product_cat-epicerie-epicery","8":"product_tag-epicerie-asiatique","9":"product_tag-green-curry","10":"product_tag-pate-de-curry-vert","11":"product_tag-produits-thailandais","12":"product_tag-produits-thailandais-en-ligne","13":"product_tag-thai-shop","14":"product_tag-thai-shop-in-paris","15":"product_tag-thaishop","16":"product_tag-159","17":"product_tag-160","19":"first","20":"instock","21":"purchasable","22":"product-type-simple"},"aioseo_notices":[],"_links":{"self":[{"href":"https:\/\/fmthaishop.com\/index.php?rest_route=\/wp\/v2\/product\/672","targetHints":{"allow":["GET"]}}],"collection":[{"href":"https:\/\/fmthaishop.com\/index.php?rest_route=\/wp\/v2\/product"}],"about":[{"href":"https:\/\/fmthaishop.com\/index.php?rest_route=\/wp\/v2\/types\/product"}],"replies":[{"embeddable":true,"href":"https:\/\/fmthaishop.com\/index.php?rest_route=%2Fwp%2Fv2%2Fcomments&post=672"}],"wp:featuredmedia":[{"embeddable":true,"href":"https:\/\/fmthaishop.com\/index.php?rest_route=\/wp\/v2\/media\/673"}],"wp:attachment":[{"href":"https:\/\/fmthaishop.com\/index.php?rest_route=%2Fwp%2Fv2%2Fmedia&parent=672"}],"wp:term":[{"taxonomy":"product_brand","embeddable":true,"href":"https:\/\/fmthaishop.com\/index.php?rest_route=%2Fwp%2Fv2%2Fproduct_brand&post=672"},{"taxonomy":"product_cat","embeddable":true,"href":"https:\/\/fmthaishop.com\/index.php?rest_route=%2Fwp%2Fv2%2Fproduct_cat&post=672"},{"taxonomy":"product_tag","embeddable":true,"href":"https:\/\/fmthaishop.com\/index.php?rest_route=%2Fwp%2Fv2%2Fproduct_tag&post=672"}],"curies":[{"name":"wp","href":"https:\/\/api.w.org\/{rel}","templated":true}]}}