{"id":678,"date":"2024-01-30T10:22:31","date_gmt":"2024-01-30T10:22:31","guid":{"rendered":"https:\/\/fmthaishop.com\/?post_type=product&#038;p=678"},"modified":"2026-01-09T15:38:28","modified_gmt":"2026-01-09T15:38:28","slug":"sauce-tom-ka-kai-por-kwan-200g-thailande-thai-coconut-chicken-soup-%e0%b8%95%e0%b9%89%e0%b8%a1%e0%b8%82%e0%b9%88%e0%b8%b2%e0%b9%84%e0%b8%81%e0%b9%88","status":"publish","type":"product","link":"https:\/\/fmthaishop.com\/?product=sauce-tom-ka-kai-por-kwan-200g-thailande-thai-coconut-chicken-soup-%e0%b8%95%e0%b9%89%e0%b8%a1%e0%b8%82%e0%b9%88%e0%b8%b2%e0%b9%84%e0%b8%81%e0%b9%88","title":{"rendered":"Sauce Tom Ka Kai POR KWAN (200g) Thailande -Thai coconut chicken soup &#8211; \u0e15\u0e49\u0e21\u0e02\u0e48\u0e32\u0e44\u0e01\u0e48"},"content":{"rendered":"<p>Le Tom Kha Kai est une d\u00e9licieuse soupe tha\u00eflandaise pr\u00e9par\u00e9e principalement avec du lait de coco et du Galanga, c\u2019est un bouillon au go\u00fbt citronn\u00e9 mais pas acide, une v\u00e9ritable explosion de saveurs.<em>Tom kha gai<\/em>, which is sometimes spelled\u00a0<em>tom ka gai<\/em>, is one of the most popular soups amongst Thai food lovers.\u00a0<em>Tom<\/em>\u00a0means to boil,<em>kha<\/em>\u00a0means galangal, and\u00a0<em>gai\u00a0<\/em>means chicken.\u00a0So it&#8217;s a chicken soup whose main flavour comes from galangal, but another key component not mentioned in the soup is coconut milk.<\/p>\n<p><i>Tom kha<\/i>\u00a0is a Thai soup that originated around 1890 and was first recorded in a Thai recipe book. The earliest recorded version of the soup was called\u00a0<i>Tom kha pet<\/i>, and it featured duck and young galangal in a coconut milk-based curry.<sup id=\"cite_ref-4\" class=\"reference\"><\/sup>\u00a0Over time, chicken became a more popular protein choice and the dish evolved into the version known as\u00a0<i>Tom kha kai<\/i>, which is made with chicken instead of duck. In addition to chicken, shrimp is also a popular protein option and is often referred to as\u00a0<i>Tom kha kung<\/i>.<sup id=\"cite_ref-5\" class=\"reference\"><\/sup><sup id=\"cite_ref-6\" class=\"reference\"><\/sup><sup id=\"cite_ref-7\" class=\"reference\"><\/sup><i>Tom kha<\/i> shares many base ingredients with another popular Thai soup called Tom yam.<i><\/i>However, <i>Tom kha<\/i>\u00a0is distinguished by the addition of coconut milk, which lends it a creamy texture and a milder, sweeter taste compared to\u00a0<i>Tom yam<\/i>.<sup id=\"cite_ref-8\" class=\"reference\"><\/sup><\/p>\n<p><i>Tom kha kai<\/i>\u00a0recipes typically include\u00a0coconut milk,\u00a0galangal\u00a0(sometimes substituted with\u00a0ginger),\u00a0kaffir lime leaves,\u00a0lemongrass,\u00a0Thai chili,\u00a0coriander\u00a0(or\u00a0dill),\u00a0straw mushrooms\u00a0(or\u00a0shiitake\u00a0or other mushrooms),\u00a0chicken, , and\u00a0lime juice. Fried chilies are sometimes added.<sup id=\"cite_ref-9\" class=\"reference\"><\/sup><\/p>\n<p><b>\u0e15\u0e49\u0e21\u0e02\u0e48\u0e32\u0e44\u0e01\u0e48<\/b>\u00a0\u0e40\u0e1b\u0e47\u0e19\u0e2d\u0e32\u0e2b\u0e32\u0e23\u0e44\u0e17\u0e22\u0e0a\u0e19\u0e34\u0e14\u0e2b\u0e19\u0e36\u0e48\u0e07 \u0e21\u0e35\u0e25\u0e31\u0e01\u0e29\u0e13\u0e30\u0e40\u0e1b\u0e47\u0e19\u0e41\u0e01\u0e07\u0e43\u0e2a\u0e48\u0e01\u0e30\u0e17\u0e34\u00a0\u0e43\u0e2a\u0e48\u0e40\u0e19\u0e37\u0e49\u0e2d\u0e44\u0e01\u0e48\u00a0\u0e41\u0e25\u0e30\u0e40\u0e2b\u0e47\u0e14\u00a0\u0e19\u0e49\u0e33\u0e41\u0e01\u0e07\u0e21\u0e35\u0e2a\u0e35\u0e02\u0e32\u0e27\u0e02\u0e38\u0e48\u0e19 \u0e21\u0e35\u0e01\u0e32\u0e23\u0e43\u0e2a\u0e48\u0e2a\u0e21\u0e38\u0e19\u0e44\u0e1e\u0e23\u0e15\u0e48\u0e32\u0e07 \u0e46 \u0e04\u0e25\u0e49\u0e32\u0e22\u0e15\u0e49\u0e21\u0e22\u0e33 \u0e40\u0e0a\u0e48\u0e19\u00a0\u0e02\u0e48\u0e32\u00a0\u0e43\u0e1a\u0e21\u0e30\u0e01\u0e23\u0e39\u0e14\u00a0\u0e15\u0e30\u0e44\u0e04\u0e23\u0e49 \u0e21\u0e30\u0e19\u0e32\u0e27\u00a0\u0e1e\u0e23\u0e34\u0e01\u00a0\u0e42\u0e23\u0e22\u0e2b\u0e19\u0e49\u0e32\u0e14\u0e49\u0e27\u0e22\u0e1c\u0e31\u0e01\u0e0a\u0e35\u00a0\u0e21\u0e35\u0e23\u0e2a\u0e0a\u0e32\u0e15\u0e34\u0e40\u0e1b\u0e23\u0e35\u0e49\u0e22\u0e27\u00a0\u0e40\u0e04\u0e47\u0e21\u00a0\u0e21\u0e31\u0e19<\/p>\n","protected":false},"excerpt":{"rendered":"<p>Le Tom Kha Kai est une d\u00e9licieuse soupe tha\u00eflandaise pr\u00e9par\u00e9e principalement avec du lait de coco et du Galanga, c\u2019est un bouillon au go\u00fbt citronn\u00e9 mais pas acide, une v\u00e9ritable explosion de saveurs.<\/p>\n","protected":false},"featured_media":680,"comment_status":"open","ping_status":"closed","template":"","meta":{"om_disable_all_campaigns":false,"_monsterinsights_skip_tracking":false,"_monsterinsights_sitenote_active":false,"_monsterinsights_sitenote_note":"","_monsterinsights_sitenote_category":0,"_kadence_starter_templates_imported_post":false},"product_brand":[],"product_cat":[306,45],"product_tag":[108,55,56,64,106,92,165,59,94,154,166,114],"class_list":{"0":"post-678","1":"product","2":"type-product","3":"status-publish","4":"has-post-thumbnail","6":"product_cat-aides-a-la-preparation","7":"product_cat-epicerie-epicery","8":"product_tag-epicerie-asiatique","9":"product_tag-fm-thai-shop","10":"product_tag-fmthaishop","11":"product_tag-produit-thai","12":"product_tag-produits-thailandais","13":"product_tag-produits-thailandais-en-ligne","14":"product_tag-thai-coconut-chicken-soup","15":"product_tag-thai-procucts-in-paris","16":"product_tag-thai-shop","17":"product_tag-thaishop","18":"product_tag-tom-kha-gai","19":"product_tag-114","21":"first","22":"outofstock","23":"purchasable","24":"product-type-simple"},"aioseo_notices":[],"_links":{"self":[{"href":"https:\/\/fmthaishop.com\/index.php?rest_route=\/wp\/v2\/product\/678","targetHints":{"allow":["GET"]}}],"collection":[{"href":"https:\/\/fmthaishop.com\/index.php?rest_route=\/wp\/v2\/product"}],"about":[{"href":"https:\/\/fmthaishop.com\/index.php?rest_route=\/wp\/v2\/types\/product"}],"replies":[{"embeddable":true,"href":"https:\/\/fmthaishop.com\/index.php?rest_route=%2Fwp%2Fv2%2Fcomments&post=678"}],"wp:featuredmedia":[{"embeddable":true,"href":"https:\/\/fmthaishop.com\/index.php?rest_route=\/wp\/v2\/media\/680"}],"wp:attachment":[{"href":"https:\/\/fmthaishop.com\/index.php?rest_route=%2Fwp%2Fv2%2Fmedia&parent=678"}],"wp:term":[{"taxonomy":"product_brand","embeddable":true,"href":"https:\/\/fmthaishop.com\/index.php?rest_route=%2Fwp%2Fv2%2Fproduct_brand&post=678"},{"taxonomy":"product_cat","embeddable":true,"href":"https:\/\/fmthaishop.com\/index.php?rest_route=%2Fwp%2Fv2%2Fproduct_cat&post=678"},{"taxonomy":"product_tag","embeddable":true,"href":"https:\/\/fmthaishop.com\/index.php?rest_route=%2Fwp%2Fv2%2Fproduct_tag&post=678"}],"curies":[{"name":"wp","href":"https:\/\/api.w.org\/{rel}","templated":true}]}}