{"id":769,"date":"2024-02-08T14:20:21","date_gmt":"2024-02-08T14:20:21","guid":{"rendered":"https:\/\/fmthaishop.com\/?post_type=product&#038;p=769"},"modified":"2026-04-03T19:18:29","modified_gmt":"2026-04-03T19:18:29","slug":"oiseaux-celestes-phoenix-1kg-sticky-rice-%e0%b8%82%e0%b9%89%e0%b8%b2%e0%b8%a7%e0%b9%80%e0%b8%ab%e0%b8%99%e0%b8%b5%e0%b8%a2%e0%b8%a7","status":"publish","type":"product","link":"https:\/\/fmthaishop.com\/?product=oiseaux-celestes-phoenix-1kg-sticky-rice-%e0%b8%82%e0%b9%89%e0%b8%b2%e0%b8%a7%e0%b9%80%e0%b8%ab%e0%b8%99%e0%b8%b5%e0%b8%a2%e0%b8%a7","title":{"rendered":"Oiseaux c\u00e9l\u00e8stes phoenix (1kg )- sticky rice &#8211; \u0e02\u0e49\u0e32\u0e27\u0e40\u0e2b\u0e19\u0e35\u0e22\u0e27"},"content":{"rendered":"<p>Oiseaux c\u00e9l\u00e8stes phoenix (1kg )- sticky rice &#8211; \u0e02\u0e49\u0e32\u0e27\u0e40\u0e2b\u0e19\u0e35\u0e22\u0e27<\/p>\n<p>Il existe de nombreuses marques de\u00a0riz gluant\u00a0mais nous faisons le choix assum\u00e9 de ne vous proposer qu&#8217;une seule marque et une seule r\u00e9f\u00e9rence avec la b\u00e9n\u00e9diction d&#8217;experts en cuisine Lao : Le riz gluant de la vari\u00e9t\u00e9 San Patong et de marque Oiseaux C\u00e9l\u00e8stes. Cette marque est le top du top dans le domaine du riz. L&#8217;inconv\u00e9nient est qu&#8217;il n&#8217;y a qu&#8217;un seul importateur de ce riz pour toute l&#8217;Europe, ce qui en fait un riz rare et tr\u00e8s demand\u00e9.<\/p>\n","protected":false},"excerpt":{"rendered":"<p>Oiseaux c\u00e9l\u00e8stes phoenix (1kg )- sticky rice &#8211; \u0e02\u0e49\u0e32\u0e27\u0e40\u0e2b\u0e19\u0e35\u0e22\u0e27Il existe de nombreuses marques de\u00a0riz gluant\u00a0mais nous faisons le choix assum\u00e9 de ne vous proposer qu&#8217;une seule marque et une seule r\u00e9f\u00e9rence avec la b\u00e9n\u00e9diction d&#8217;experts en cuisine Lao : Le riz gluant de la vari\u00e9t\u00e9 San Patong et de marque Oiseaux C\u00e9l\u00e8stes. Cette marque est le top du top dans le domaine du riz. L&#8217;inconv\u00e9nient est qu&#8217;il n&#8217;y a qu&#8217;un seul importateur de ce riz pour toute l&#8217;Europe, ce qui en fait un riz rare et tr\u00e8s demand\u00e9.<\/p>\n","protected":false},"featured_media":770,"comment_status":"open","ping_status":"closed","template":"","meta":{"om_disable_all_campaigns":false,"_monsterinsights_skip_tracking":false,"_monsterinsights_sitenote_active":false,"_monsterinsights_sitenote_note":"","_monsterinsights_sitenote_category":0,"_kadence_starter_templates_imported_post":false},"product_brand":[],"product_cat":[45,302],"product_tag":[55,56,64,106,92,220,221,59,63,219],"class_list":{"0":"post-769","1":"product","2":"type-product","3":"status-publish","4":"has-post-thumbnail","6":"product_cat-epicerie-epicery","7":"product_cat-riz-nouilles","8":"product_tag-fm-thai-shop","9":"product_tag-fmthaishop","10":"product_tag-produit-thai","11":"product_tag-produits-thailandais","12":"product_tag-produits-thailandais-en-ligne","13":"product_tag-riz-gluant","14":"product_tag-sticky-rice","15":"product_tag-thai-procucts-in-paris","16":"product_tag-thai-product","17":"product_tag-219","19":"first","20":"instock","21":"purchasable","22":"product-type-simple"},"aioseo_notices":[],"_links":{"self":[{"href":"https:\/\/fmthaishop.com\/index.php?rest_route=\/wp\/v2\/product\/769","targetHints":{"allow":["GET"]}}],"collection":[{"href":"https:\/\/fmthaishop.com\/index.php?rest_route=\/wp\/v2\/product"}],"about":[{"href":"https:\/\/fmthaishop.com\/index.php?rest_route=\/wp\/v2\/types\/product"}],"replies":[{"embeddable":true,"href":"https:\/\/fmthaishop.com\/index.php?rest_route=%2Fwp%2Fv2%2Fcomments&post=769"}],"wp:featuredmedia":[{"embeddable":true,"href":"https:\/\/fmthaishop.com\/index.php?rest_route=\/wp\/v2\/media\/770"}],"wp:attachment":[{"href":"https:\/\/fmthaishop.com\/index.php?rest_route=%2Fwp%2Fv2%2Fmedia&parent=769"}],"wp:term":[{"taxonomy":"product_brand","embeddable":true,"href":"https:\/\/fmthaishop.com\/index.php?rest_route=%2Fwp%2Fv2%2Fproduct_brand&post=769"},{"taxonomy":"product_cat","embeddable":true,"href":"https:\/\/fmthaishop.com\/index.php?rest_route=%2Fwp%2Fv2%2Fproduct_cat&post=769"},{"taxonomy":"product_tag","embeddable":true,"href":"https:\/\/fmthaishop.com\/index.php?rest_route=%2Fwp%2Fv2%2Fproduct_tag&post=769"}],"curies":[{"name":"wp","href":"https:\/\/api.w.org\/{rel}","templated":true}]}}