{"id":832,"date":"2024-02-17T13:46:05","date_gmt":"2024-02-17T13:46:05","guid":{"rendered":"https:\/\/fmthaishop.com\/?post_type=product&#038;p=832"},"modified":"2026-01-24T17:14:16","modified_gmt":"2026-01-24T17:14:16","slug":"sauce-pimentee-sriracha-extra-piquante-foco430-ml","status":"publish","type":"product","link":"https:\/\/fmthaishop.com\/?product=sauce-pimentee-sriracha-extra-piquante-foco430-ml","title":{"rendered":"Sauce piment\u00e9e Sriracha extra piquante FOCO(430 ml)"},"content":{"rendered":"<p>La sauce Sriracha extra piquante provient directement de Tha\u00eflande.<\/p>\n<p>Cette sauce \u00e0 base de piment, ail et aromates, rel\u00e8vera tous vos plats(soupes, nouilles saut\u00e9es par exemple) et elle a la particularit\u00e9 d&#8217;\u00eatre encore plus piment\u00e9e et savoureuse que la sauce Sriracha que l&#8217;on trouve habituellement.<\/p>\n","protected":false},"excerpt":{"rendered":"<p>La sauce Sriracha extra piquante provient directement de Tha\u00eflande.<\/p>\n<p>Elle a la particularit\u00e9 d&#8217;\u00eatre plus piment\u00e9e et savoureuse que la sauce Sriracha habituelle.<\/p>\n<p>La\u00a0<strong>sauce<\/strong>\u00a0<em>Sriracha<\/em>\u00a0est une vraie institution en Asie, aux Etat Unis et maintenant en Europe. Cette sauce \u00e0 base de piment, d\u2019ail et d\u2019ar\u00f4mates rel\u00e8ve le go\u00fbt de tous vos plats. Indispensable pour les bouch\u00e9es vapeur, le pho ou les nouilles saut\u00e9es, cette sauce donne du relief et du piquant \u00e0 vraiment toutes les recettes.<br \/>\nLa particularit\u00e9 de cette\u00a0<a href=\"https:\/\/www.asiamarche.fr\/collections\/sauces-piquantes\">sauce piquante<\/a>\u00a0est qu\u2019elle n\u2019apporte pas uniquement du piquant mais aussi des ar\u00f4mes et des saveurs singuli\u00e8res \u00e0 cette sauce.<\/p>\n<p>Il existe une multitude de marques et de mod\u00e8les de\u00a0<strong><em>Sriracha<\/em><\/strong>, nous avons test\u00e9 une tr\u00e8s longue liste de cette sauce et en avons s\u00e9lectionn\u00e9 les plus authentiques et meilleurs au go\u00fbt.<\/p>\n<p>Le\u00a0<strong><em>sriracha de Foco<\/em><\/strong>\u00a0est un tr\u00e8s bon\u00a0<em>sriracha<\/em>\u00a0provenant de Tha\u00eflande qui a la particularit\u00e9 d\u2019\u00eatre plus piquant les autres.\u00a0<em>Sriracha<\/em>\u00a0destin\u00e9 aux adeptes du Hot !<\/p>\n","protected":false},"featured_media":835,"comment_status":"closed","ping_status":"closed","template":"","meta":{"om_disable_all_campaigns":false,"_monsterinsights_skip_tracking":false,"_monsterinsights_sitenote_active":false,"_monsterinsights_sitenote_note":"","_monsterinsights_sitenote_category":0,"_kadence_starter_templates_imported_post":false},"product_brand":[],"product_cat":[305,45],"product_tag":[55,56,250,106,92,249,330,248,59,63,107,154],"class_list":{"0":"post-832","1":"product","2":"type-product","3":"status-publish","4":"has-post-thumbnail","6":"product_cat-assaisonnements","7":"product_cat-epicerie-epicery","8":"product_tag-fm-thai-shop","9":"product_tag-fmthaishop","10":"product_tag-produits-thai","11":"product_tag-produits-thailandais","12":"product_tag-produits-thailandais-en-ligne","13":"product_tag-sauce","14":"product_tag-sauce-pimentee-sriracha-extra-piquante-foco","15":"product_tag-sriracha","16":"product_tag-thai-procucts-in-paris","17":"product_tag-thai-product","18":"product_tag-thai-shop-in-paris","19":"product_tag-thaishop","21":"first","22":"instock","23":"purchasable","24":"product-type-simple"},"aioseo_notices":[],"_links":{"self":[{"href":"https:\/\/fmthaishop.com\/index.php?rest_route=\/wp\/v2\/product\/832","targetHints":{"allow":["GET"]}}],"collection":[{"href":"https:\/\/fmthaishop.com\/index.php?rest_route=\/wp\/v2\/product"}],"about":[{"href":"https:\/\/fmthaishop.com\/index.php?rest_route=\/wp\/v2\/types\/product"}],"replies":[{"embeddable":true,"href":"https:\/\/fmthaishop.com\/index.php?rest_route=%2Fwp%2Fv2%2Fcomments&post=832"}],"wp:featuredmedia":[{"embeddable":true,"href":"https:\/\/fmthaishop.com\/index.php?rest_route=\/wp\/v2\/media\/835"}],"wp:attachment":[{"href":"https:\/\/fmthaishop.com\/index.php?rest_route=%2Fwp%2Fv2%2Fmedia&parent=832"}],"wp:term":[{"taxonomy":"product_brand","embeddable":true,"href":"https:\/\/fmthaishop.com\/index.php?rest_route=%2Fwp%2Fv2%2Fproduct_brand&post=832"},{"taxonomy":"product_cat","embeddable":true,"href":"https:\/\/fmthaishop.com\/index.php?rest_route=%2Fwp%2Fv2%2Fproduct_cat&post=832"},{"taxonomy":"product_tag","embeddable":true,"href":"https:\/\/fmthaishop.com\/index.php?rest_route=%2Fwp%2Fv2%2Fproduct_tag&post=832"}],"curies":[{"name":"wp","href":"https:\/\/api.w.org\/{rel}","templated":true}]}}